{"id":29479,"date":"2023-05-27T14:22:58","date_gmt":"2023-05-27T12:22:58","guid":{"rendered":"https:\/\/swissfintechalliance.ch\/?page_id=29479"},"modified":"2026-03-29T13:59:29","modified_gmt":"2026-03-29T11:59:29","slug":"legal-notice","status":"publish","type":"page","link":"https:\/\/swissfintechalliance.ch\/it\/swiss-fintech-alliance\/avviso-legale\/","title":{"rendered":"Avviso legale"},"content":{"rendered":"<div data-elementor-type=\"wp-page\" data-elementor-id=\"29479\" class=\"elementor elementor-29479\" data-elementor-post-type=\"page\">\n\t\t\t\t\t\t<section class=\"elementor-section elementor-top-section elementor-element elementor-element-6aad4b79 elementor-section-content-top elementor-section-boxed elementor-section-height-default elementor-section-height-default\" data-id=\"6aad4b79\" data-element_type=\"section\" data-e-type=\"section\" data-settings=\"{&quot;background_background&quot;:&quot;classic&quot;}\">\n\t\t\t\t\t\t<div class=\"elementor-container elementor-column-gap-default\">\n\t\t\t\t\t<div class=\"elementor-column elementor-col-100 elementor-top-column elementor-element elementor-element-6c224c64\" data-id=\"6c224c64\" data-element_type=\"column\" data-e-type=\"column\">\n\t\t\t<div class=\"elementor-widget-wrap elementor-element-populated\">\n\t\t\t\t\t\t<div class=\"elementor-element elementor-element-3b6a7bb5 elementor-widget elementor-widget-heading\" data-id=\"3b6a7bb5\" data-element_type=\"widget\" data-e-type=\"widget\" data-widget_type=\"heading.default\">\n\t\t\t\t<div class=\"elementor-widget-container\">\n\t\t\t\t\t<h1 class=\"elementor-heading-title elementor-size-default\">Informazioni legali e Credits<\/h1>\t\t\t\t<\/div>\n\t\t\t\t<\/div>\n\t\t\t\t<div class=\"elementor-element elementor-element-0dc971c elementor-widget elementor-widget-text-editor\" data-id=\"0dc971c\" data-element_type=\"widget\" data-e-type=\"widget\" data-widget_type=\"text-editor.default\">\n\t\t\t\t<div class=\"elementor-widget-container\">\n\t\t\t\t\t\t\t\t\t<p>La rete svizzera per l'innovazione fintech, la regolamentazione e la finanza digitale.<\/p>\t\t\t\t\t\t\t\t<\/div>\n\t\t\t\t<\/div>\n\t\t\t\t\t<\/div>\n\t\t<\/div>\n\t\t\t\t\t<\/div>\n\t\t<\/section>\n\t\t\t\t<section class=\"elementor-section elementor-top-section elementor-element elementor-element-ef22b61 elementor-section-content-top elementor-section-boxed elementor-section-height-default elementor-section-height-default\" data-id=\"ef22b61\" data-element_type=\"section\" data-e-type=\"section\" data-settings=\"{&quot;background_background&quot;:&quot;classic&quot;}\">\n\t\t\t\t\t\t<div class=\"elementor-container elementor-column-gap-default\">\n\t\t\t\t\t<div class=\"elementor-column elementor-col-50 elementor-top-column elementor-element elementor-element-e7befbc\" data-id=\"e7befbc\" data-element_type=\"column\" data-e-type=\"column\">\n\t\t\t<div class=\"elementor-widget-wrap elementor-element-populated\">\n\t\t\t\t\t\t<div class=\"elementor-element elementor-element-07106d6 elementor-widget elementor-widget-image\" data-id=\"07106d6\" data-element_type=\"widget\" data-e-type=\"widget\" data-widget_type=\"image.default\">\n\t\t\t\t<div class=\"elementor-widget-container\">\n\t\t\t\t\t\t\t\t\t\t\t\t\t\t\t<img fetchpriority=\"high\" decoding=\"async\" width=\"1000\" height=\"667\" src=\"https:\/\/swissfintechalliance.ch\/wp-content\/uploads\/2023\/05\/swiss-fintech-alliance-innovation-hub.jpg\" class=\"attachment-full size-full wp-image-29436\" alt=\"Moderno edificio per uffici in Svizzera che rappresenta la presenza fisica della Swiss Fintech Alliance e il suo impegno per l&#039;innovazione e la regolamentazione.\" srcset=\"https:\/\/swissfintechalliance.ch\/wp-content\/uploads\/2023\/05\/swiss-fintech-alliance-innovation-hub.jpg 1000w, https:\/\/swissfintechalliance.ch\/wp-content\/uploads\/2023\/05\/swiss-fintech-alliance-innovation-hub-300x200.jpg 300w, https:\/\/swissfintechalliance.ch\/wp-content\/uploads\/2023\/05\/swiss-fintech-alliance-innovation-hub-768x512.jpg 768w, https:\/\/swissfintechalliance.ch\/wp-content\/uploads\/2023\/05\/swiss-fintech-alliance-innovation-hub-18x12.jpg 18w\" sizes=\"(max-width: 1000px) 100vw, 1000px\" \/>\t\t\t\t\t\t\t\t\t\t\t\t\t\t\t<\/div>\n\t\t\t\t<\/div>\n\t\t\t\t<div class=\"elementor-element elementor-element-bda0542 elementor-widget elementor-widget-spacer\" data-id=\"bda0542\" data-element_type=\"widget\" data-e-type=\"widget\" data-widget_type=\"spacer.default\">\n\t\t\t\t<div class=\"elementor-widget-container\">\n\t\t\t\t\t\t\t<div class=\"elementor-spacer\">\n\t\t\t<div class=\"elementor-spacer-inner\"><\/div>\n\t\t<\/div>\n\t\t\t\t\t\t<\/div>\n\t\t\t\t<\/div>\n\t\t\t\t<div class=\"elementor-element elementor-element-638bf8d elementor-widget elementor-widget-text-editor\" data-id=\"638bf8d\" data-element_type=\"widget\" data-e-type=\"widget\" data-widget_type=\"text-editor.default\">\n\t\t\t\t<div class=\"elementor-widget-container\">\n\t\t\t\t\t\t\t\t\t<h2>Impronta<\/h2>\n\n<p>Alleanza Fintech Svizzera (AFS)<br>\nVia Redondello 24A<br>\n6982 Agno TI<br>\nSvizzera<\/p>\n\n<p><strong>Responsabile dei contenuti<\/strong><br>\nMichael Br\u00fcggler<br>\n<a href=\"mailto:mb@swissfintechalliance.ch\">mb@swissfintechalliance.ch<\/a><\/p>\n<br><br>\n<h3>Esclusione di responsabilit\u00e0<\/h3>\n\n<p>L'autore non si assume alcuna responsabilit\u00e0 per la correttezza, l'accuratezza, la tempestivit\u00e0, l'affidabilit\u00e0 e la completezza delle informazioni.<\/p>\n\n<p>Sono escluse le richieste di risarcimento danni nei confronti dell'autore per danni materiali o immateriali derivanti dall'accesso, dall'uso o dal mancato uso delle informazioni pubblicate, dall'uso improprio della connessione o da malfunzionamenti tecnici.<\/p>\n\n<p>Tutte le offerte non sono vincolanti. L'autore si riserva espressamente il diritto di modificare, integrare, cancellare o interrompere temporaneamente o permanentemente la pubblicazione senza preavviso.<\/p>\n\n<h3>Esclusione di responsabilit\u00e0 per i contenuti e i link<\/h3>\n\n<p>Riferimenti e link a siti web di terze parti sono al di fuori della nostra responsabilit\u00e0. Non ci assumiamo alcuna responsabilit\u00e0 per tali siti web. L'accesso e l'utilizzo di tali siti web sono a rischio dell'utente.<\/p>\n\n<h3>Diritto d'autore<\/h3>\n\n<p>Tutti i contenuti, immagini, foto e altri file presenti su questo sito web sono di propriet\u00e0 esclusiva di Swiss Fintech Alliance o dei titolari dei diritti specificamente indicati. Qualsiasi riproduzione richiede il previo consenso scritto.<\/p>\t\t\t\t\t\t\t\t<\/div>\n\t\t\t\t<\/div>\n\t\t\t\t<div class=\"elementor-element elementor-element-ca0de06 elementor-widget elementor-widget-spacer\" data-id=\"ca0de06\" data-element_type=\"widget\" data-e-type=\"widget\" data-widget_type=\"spacer.default\">\n\t\t\t\t<div class=\"elementor-widget-container\">\n\t\t\t\t\t\t\t<div class=\"elementor-spacer\">\n\t\t\t<div class=\"elementor-spacer-inner\"><\/div>\n\t\t<\/div>\n\t\t\t\t\t\t<\/div>\n\t\t\t\t<\/div>\n\t\t\t\t\t<\/div>\n\t\t<\/div>\n\t\t\t\t<div class=\"elementor-column elementor-col-50 elementor-top-column elementor-element elementor-element-18c54af\" data-id=\"18c54af\" data-element_type=\"column\" data-e-type=\"column\">\n\t\t\t<div class=\"elementor-widget-wrap elementor-element-populated\">\n\t\t\t\t\t\t<div class=\"elementor-element elementor-element-c96f644 elementor-widget elementor-widget-text-editor\" data-id=\"c96f644\" data-element_type=\"widget\" data-e-type=\"widget\" data-widget_type=\"text-editor.default\">\n\t\t\t\t<div class=\"elementor-widget-container\">\n\t\t\t\t\t\t\t\t\t<h2>La Swiss Fintech Alliance<\/h2>\n\n<p>\nIl <strong>Alleanza Fintech Svizzera<\/strong> \u00e8 un'organizzazione svizzera senza scopo di lucro impegnata a rafforzare l'innovazione, la collaborazione e lo scambio di conoscenze all'interno del <strong>Ecosistema fintech svizzero<\/strong>. __OPENROUTER_FAILED__ <strong>panorama normativo in Svizzera<\/strong>.\n<\/p>\n\n<p>\nRiunendo aziende finanziarie guidate dalla tecnologia, <a href=\"https:\/\/www.finma.ch\/de\/bewilligung\/fintech\/fintech-bewilligung\" target=\"_blank\" rel=\"noopener\">autorit\u00e0 di regolamentazione<\/a>, e stakeholder politici, l'Alleanza contribuisce a posizionare la Svizzera come un hub leader per l'innovazione fintech, il dialogo normativo e lo sviluppo finanziario responsabile.\n<\/p>\n\n<p>\nInoltre, l'organizzazione supporta iniziative che incoraggiano la responsabilit\u00e0 ambientale e migliorano l'accesso per individui e imprese che si trovano in condizioni svantaggiate. Essendo un'organizzazione politicamente e religiosamente neutrale, la Swiss Fintech Alliance promuove il progresso sostenibile, l'innovazione e la partecipazione inclusiva nella definizione del futuro della finanza.\n<\/p>\n\n<p>\nLa sua missione principale \u00e8 promuovere tecnologie finanziarie trasformative, favorire un dialogo costruttivo con le autorit\u00e0 di regolamentazione e rafforzare il ruolo della Svizzera come centro fintech di rilevanza globale.\n<\/p>\n\n<h3>Torna al sito principale<\/h3>\n\n<p>\n<a href=\"https:\/\/swissfintechalliance.ch\/it\/\" target=\"_blank\" rel=\"noopener\">Torna a swissfintechalliance.ch<\/a>\n<\/p>\t\t\t\t\t\t\t\t<\/div>\n\t\t\t\t<\/div>\n\t\t\t\t\t<\/div>\n\t\t<\/div>\n\t\t\t\t\t<\/div>\n\t\t<\/section>\n\t\t\t\t<\/div>","protected":false},"excerpt":{"rendered":"<p>Legal Information &amp; Imprint Switzerland\u2019s network for fintech innovation, regulation, and digital finance. Imprint Swiss Fintech Alliance (SFA) Via Redondello 24A 6982 Agno TI Switzerland Responsible for content: Michael Br\u00fcggler mb@swissfintechalliance.ch Disclaimer The author assumes no liability for the correctness, accuracy, timeliness, reliability and completeness of the information. Liability claims against the author for material [&hellip;]<\/p>\n","protected":false},"author":1,"featured_media":0,"parent":29028,"menu_order":0,"comment_status":"closed","ping_status":"closed","template":"elementor_header_footer","meta":{"footnotes":""},"class_list":["post-29479","page","type-page","status-publish","hentry"],"yoast_head":"<!-- This site is optimized with the Yoast SEO plugin v27.4 - https:\/\/yoast.com\/product\/yoast-seo-wordpress\/ -->\n<title>Legal Notice - Swiss Fintech Alliance<\/title>\n<meta name=\"description\" content=\"Please read our Swiss Fintech Alliance Legal Notice to reach out for any questions. Thank you for visiting our homepage.\" \/>\n<meta name=\"robots\" content=\"index, follow, max-snippet:-1, max-image-preview:large, max-video-preview:-1\" \/>\n<link rel=\"canonical\" href=\"https:\/\/swissfintechalliance.ch\/it\/swiss-fintech-alliance\/avviso-legale\/\" \/>\n<meta property=\"og:locale\" content=\"it_IT\" \/>\n<meta property=\"og:type\" content=\"article\" \/>\n<meta property=\"og:title\" content=\"Legal Notice - Swiss Fintech Alliance\" \/>\n<meta property=\"og:description\" content=\"Please read our Swiss Fintech Alliance Legal Notice to reach out for any questions. Thank you for visiting our homepage.\" \/>\n<meta property=\"og:url\" content=\"https:\/\/swissfintechalliance.ch\/it\/swiss-fintech-alliance\/avviso-legale\/\" \/>\n<meta property=\"og:site_name\" content=\"Swiss Fintech Alliance\" \/>\n<meta property=\"article:modified_time\" content=\"2026-03-29T11:59:29+00:00\" \/>\n<meta property=\"og:image\" content=\"https:\/\/swissfintechalliance.ch\/wp-content\/uploads\/2023\/05\/swiss-fintech-alliance-innovation-hub.jpg\" \/>\n\t<meta property=\"og:image:width\" content=\"1000\" \/>\n\t<meta property=\"og:image:height\" content=\"667\" \/>\n\t<meta property=\"og:image:type\" content=\"image\/webp\" \/>\n<meta name=\"twitter:card\" content=\"summary_large_image\" \/>\n<meta name=\"twitter:label1\" content=\"Tempo di lettura stimato\" \/>\n\t<meta name=\"twitter:data1\" content=\"2 minuti\" \/>\n<script type=\"application\/ld+json\" class=\"yoast-schema-graph\">{\"@context\":\"https:\\\/\\\/schema.org\",\"@graph\":[{\"@type\":\"WebPage\",\"@id\":\"https:\\\/\\\/swissfintechalliance.ch\\\/swiss-fintech-alliance\\\/legal-notice\\\/\",\"url\":\"https:\\\/\\\/swissfintechalliance.ch\\\/swiss-fintech-alliance\\\/legal-notice\\\/\",\"name\":\"Legal Notice - Swiss Fintech Alliance\",\"isPartOf\":{\"@id\":\"https:\\\/\\\/swissfintechalliance.ch\\\/#website\"},\"primaryImageOfPage\":{\"@id\":\"https:\\\/\\\/swissfintechalliance.ch\\\/swiss-fintech-alliance\\\/legal-notice\\\/#primaryimage\"},\"image\":{\"@id\":\"https:\\\/\\\/swissfintechalliance.ch\\\/swiss-fintech-alliance\\\/legal-notice\\\/#primaryimage\"},\"thumbnailUrl\":\"https:\\\/\\\/swissfintechalliance.ch\\\/wp-content\\\/uploads\\\/2023\\\/05\\\/swiss-fintech-alliance-innovation-hub.jpg\",\"datePublished\":\"2023-05-27T12:22:58+00:00\",\"dateModified\":\"2026-03-29T11:59:29+00:00\",\"description\":\"Please read our Swiss Fintech Alliance Legal Notice to reach out for any questions. Thank you for visiting our homepage.\",\"breadcrumb\":{\"@id\":\"https:\\\/\\\/swissfintechalliance.ch\\\/swiss-fintech-alliance\\\/legal-notice\\\/#breadcrumb\"},\"inLanguage\":\"it-IT\",\"potentialAction\":[{\"@type\":\"ReadAction\",\"target\":[\"https:\\\/\\\/swissfintechalliance.ch\\\/swiss-fintech-alliance\\\/legal-notice\\\/\"]}]},{\"@type\":\"ImageObject\",\"inLanguage\":\"it-IT\",\"@id\":\"https:\\\/\\\/swissfintechalliance.ch\\\/swiss-fintech-alliance\\\/legal-notice\\\/#primaryimage\",\"url\":\"https:\\\/\\\/swissfintechalliance.ch\\\/wp-content\\\/uploads\\\/2023\\\/05\\\/swiss-fintech-alliance-innovation-hub.jpg\",\"contentUrl\":\"https:\\\/\\\/swissfintechalliance.ch\\\/wp-content\\\/uploads\\\/2023\\\/05\\\/swiss-fintech-alliance-innovation-hub.jpg\"},{\"@type\":\"BreadcrumbList\",\"@id\":\"https:\\\/\\\/swissfintechalliance.ch\\\/swiss-fintech-alliance\\\/legal-notice\\\/#breadcrumb\",\"itemListElement\":[{\"@type\":\"ListItem\",\"position\":1,\"name\":\"Startseite\",\"item\":\"https:\\\/\\\/swissfintechalliance.ch\\\/\"},{\"@type\":\"ListItem\",\"position\":2,\"name\":\"Swiss Fintech\",\"item\":\"https:\\\/\\\/swissfintechalliance.ch\\\/\"},{\"@type\":\"ListItem\",\"position\":3,\"name\":\"Legal Notice\"}]},{\"@type\":\"WebSite\",\"@id\":\"https:\\\/\\\/swissfintechalliance.ch\\\/#website\",\"url\":\"https:\\\/\\\/swissfintechalliance.ch\\\/\",\"name\":\"Swiss Fintech Alliance\",\"description\":\"Pioneering Innovation\",\"publisher\":{\"@id\":\"https:\\\/\\\/swissfintechalliance.ch\\\/#organization\"},\"potentialAction\":[{\"@type\":\"SearchAction\",\"target\":{\"@type\":\"EntryPoint\",\"urlTemplate\":\"https:\\\/\\\/swissfintechalliance.ch\\\/?s={search_term_string}\"},\"query-input\":{\"@type\":\"PropertyValueSpecification\",\"valueRequired\":true,\"valueName\":\"search_term_string\"}}],\"inLanguage\":\"it-IT\"},{\"@type\":\"Organization\",\"@id\":\"https:\\\/\\\/swissfintechalliance.ch\\\/#organization\",\"name\":\"Swiss Fintech Alliance\",\"url\":\"https:\\\/\\\/swissfintechalliance.ch\\\/\",\"logo\":{\"@type\":\"ImageObject\",\"inLanguage\":\"it-IT\",\"@id\":\"https:\\\/\\\/swissfintechalliance.ch\\\/#\\\/schema\\\/logo\\\/image\\\/\",\"url\":\"https:\\\/\\\/swissfintechalliance.ch\\\/wp-content\\\/uploads\\\/2023\\\/05\\\/swiss-fintech-alliance-official-logo.png\",\"contentUrl\":\"https:\\\/\\\/swissfintechalliance.ch\\\/wp-content\\\/uploads\\\/2023\\\/05\\\/swiss-fintech-alliance-official-logo.png\",\"width\":249,\"height\":71,\"caption\":\"Swiss Fintech Alliance\"},\"image\":{\"@id\":\"https:\\\/\\\/swissfintechalliance.ch\\\/#\\\/schema\\\/logo\\\/image\\\/\"}}]}<\/script>\n<!-- \/ Yoast SEO plugin. -->","yoast_head_json":{"title":"Avviso legale - Alleanza Fintech Svizzera","description":"Vi invitiamo a leggere la nostra nota legale di Swiss Fintech Alliance e a contattarci per qualsiasi domanda. Grazie per aver visitato la nostra homepage.","robots":{"index":"index","follow":"follow","max-snippet":"max-snippet:-1","max-image-preview":"max-image-preview:large","max-video-preview":"max-video-preview:-1"},"canonical":"https:\/\/swissfintechalliance.ch\/it\/swiss-fintech-alliance\/avviso-legale\/","og_locale":"it_IT","og_type":"article","og_title":"Legal Notice - Swiss Fintech Alliance","og_description":"Please read our Swiss Fintech Alliance Legal Notice to reach out for any questions. Thank you for visiting our homepage.","og_url":"https:\/\/swissfintechalliance.ch\/it\/swiss-fintech-alliance\/avviso-legale\/","og_site_name":"Swiss Fintech Alliance","article_modified_time":"2026-03-29T11:59:29+00:00","og_image":[{"width":1000,"height":667,"url":"https:\/\/swissfintechalliance.ch\/wp-content\/uploads\/2023\/05\/swiss-fintech-alliance-innovation-hub.jpg","type":"image\/webp"}],"twitter_card":"summary_large_image","twitter_misc":{"Tempo di lettura stimato":"2 minuti"},"schema":{"@context":"https:\/\/schema.org","@graph":[{"@type":"WebPage","@id":"https:\/\/swissfintechalliance.ch\/swiss-fintech-alliance\/legal-notice\/","url":"https:\/\/swissfintechalliance.ch\/swiss-fintech-alliance\/legal-notice\/","name":"Avviso legale - Alleanza Fintech Svizzera","isPartOf":{"@id":"https:\/\/swissfintechalliance.ch\/#website"},"primaryImageOfPage":{"@id":"https:\/\/swissfintechalliance.ch\/swiss-fintech-alliance\/legal-notice\/#primaryimage"},"image":{"@id":"https:\/\/swissfintechalliance.ch\/swiss-fintech-alliance\/legal-notice\/#primaryimage"},"thumbnailUrl":"https:\/\/swissfintechalliance.ch\/wp-content\/uploads\/2023\/05\/swiss-fintech-alliance-innovation-hub.jpg","datePublished":"2023-05-27T12:22:58+00:00","dateModified":"2026-03-29T11:59:29+00:00","description":"Vi invitiamo a leggere la nostra nota legale di Swiss Fintech Alliance e a contattarci per qualsiasi domanda. Grazie per aver visitato la nostra homepage.","breadcrumb":{"@id":"https:\/\/swissfintechalliance.ch\/swiss-fintech-alliance\/legal-notice\/#breadcrumb"},"inLanguage":"it-IT","potentialAction":[{"@type":"ReadAction","target":["https:\/\/swissfintechalliance.ch\/swiss-fintech-alliance\/legal-notice\/"]}]},{"@type":"ImageObject","inLanguage":"it-IT","@id":"https:\/\/swissfintechalliance.ch\/swiss-fintech-alliance\/legal-notice\/#primaryimage","url":"https:\/\/swissfintechalliance.ch\/wp-content\/uploads\/2023\/05\/swiss-fintech-alliance-innovation-hub.jpg","contentUrl":"https:\/\/swissfintechalliance.ch\/wp-content\/uploads\/2023\/05\/swiss-fintech-alliance-innovation-hub.jpg"},{"@type":"BreadcrumbList","@id":"https:\/\/swissfintechalliance.ch\/swiss-fintech-alliance\/legal-notice\/#breadcrumb","itemListElement":[{"@type":"ListItem","position":1,"name":"Startseite","item":"https:\/\/swissfintechalliance.ch\/"},{"@type":"ListItem","position":2,"name":"Swiss Fintech","item":"https:\/\/swissfintechalliance.ch\/"},{"@type":"ListItem","position":3,"name":"Legal Notice"}]},{"@type":"WebSite","@id":"https:\/\/swissfintechalliance.ch\/#website","url":"https:\/\/swissfintechalliance.ch\/","name":"Alleanza Fintech Svizzera","description":"Innovazione pionieristica","publisher":{"@id":"https:\/\/swissfintechalliance.ch\/#organization"},"potentialAction":[{"@type":"SearchAction","target":{"@type":"EntryPoint","urlTemplate":"https:\/\/swissfintechalliance.ch\/?s={search_term_string}"},"query-input":{"@type":"PropertyValueSpecification","valueRequired":true,"valueName":"search_term_string"}}],"inLanguage":"it-IT"},{"@type":"Organization","@id":"https:\/\/swissfintechalliance.ch\/#organization","name":"Alleanza Fintech Svizzera","url":"https:\/\/swissfintechalliance.ch\/","logo":{"@type":"ImageObject","inLanguage":"it-IT","@id":"https:\/\/swissfintechalliance.ch\/#\/schema\/logo\/image\/","url":"https:\/\/swissfintechalliance.ch\/wp-content\/uploads\/2023\/05\/swiss-fintech-alliance-official-logo.png","contentUrl":"https:\/\/swissfintechalliance.ch\/wp-content\/uploads\/2023\/05\/swiss-fintech-alliance-official-logo.png","width":249,"height":71,"caption":"Swiss Fintech Alliance"},"image":{"@id":"https:\/\/swissfintechalliance.ch\/#\/schema\/logo\/image\/"}}]}},"_links":{"self":[{"href":"https:\/\/swissfintechalliance.ch\/it\/wp-json\/wp\/v2\/pages\/29479","targetHints":{"allow":["GET"]}}],"collection":[{"href":"https:\/\/swissfintechalliance.ch\/it\/wp-json\/wp\/v2\/pages"}],"about":[{"href":"https:\/\/swissfintechalliance.ch\/it\/wp-json\/wp\/v2\/types\/page"}],"author":[{"embeddable":true,"href":"https:\/\/swissfintechalliance.ch\/it\/wp-json\/wp\/v2\/users\/1"}],"replies":[{"embeddable":true,"href":"https:\/\/swissfintechalliance.ch\/it\/wp-json\/wp\/v2\/comments?post=29479"}],"version-history":[{"count":40,"href":"https:\/\/swissfintechalliance.ch\/it\/wp-json\/wp\/v2\/pages\/29479\/revisions"}],"predecessor-version":[{"id":30294,"href":"https:\/\/swissfintechalliance.ch\/it\/wp-json\/wp\/v2\/pages\/29479\/revisions\/30294"}],"up":[{"embeddable":true,"href":"https:\/\/swissfintechalliance.ch\/it\/wp-json\/wp\/v2\/pages\/29028"}],"wp:attachment":[{"href":"https:\/\/swissfintechalliance.ch\/it\/wp-json\/wp\/v2\/media?parent=29479"}],"curies":[{"name":"wp","href":"https:\/\/api.w.org\/{rel}","templated":true}]}}