{"id":29479,"date":"2023-05-27T14:22:58","date_gmt":"2023-05-27T12:22:58","guid":{"rendered":"https:\/\/swissfintechalliance.ch\/?page_id=29479"},"modified":"2026-03-29T13:59:29","modified_gmt":"2026-03-29T11:59:29","slug":"legal-notice","status":"publish","type":"page","link":"https:\/\/swissfintechalliance.ch\/fr\/swiss-fintech-alliance\/avis-juridique\/","title":{"rendered":"Avis juridique"},"content":{"rendered":"<div data-elementor-type=\"wp-page\" data-elementor-id=\"29479\" class=\"elementor elementor-29479\" data-elementor-post-type=\"page\">\n\t\t\t\t\t\t<section class=\"elementor-section elementor-top-section elementor-element elementor-element-6aad4b79 elementor-section-content-top elementor-section-boxed elementor-section-height-default elementor-section-height-default\" data-id=\"6aad4b79\" data-element_type=\"section\" data-e-type=\"section\" data-settings=\"{&quot;background_background&quot;:&quot;classic&quot;}\">\n\t\t\t\t\t\t<div class=\"elementor-container elementor-column-gap-default\">\n\t\t\t\t\t<div class=\"elementor-column elementor-col-100 elementor-top-column elementor-element elementor-element-6c224c64\" data-id=\"6c224c64\" data-element_type=\"column\" data-e-type=\"column\">\n\t\t\t<div class=\"elementor-widget-wrap elementor-element-populated\">\n\t\t\t\t\t\t<div class=\"elementor-element elementor-element-3b6a7bb5 elementor-widget elementor-widget-heading\" data-id=\"3b6a7bb5\" data-element_type=\"widget\" data-e-type=\"widget\" data-widget_type=\"heading.default\">\n\t\t\t\t<div class=\"elementor-widget-container\">\n\t\t\t\t\t<h1 class=\"elementor-heading-title elementor-size-default\">Informations l\u00e9gales &amp; Mentions l\u00e9gales<\/h1>\t\t\t\t<\/div>\n\t\t\t\t<\/div>\n\t\t\t\t<div class=\"elementor-element elementor-element-0dc971c elementor-widget elementor-widget-text-editor\" data-id=\"0dc971c\" data-element_type=\"widget\" data-e-type=\"widget\" data-widget_type=\"text-editor.default\">\n\t\t\t\t<div class=\"elementor-widget-container\">\n\t\t\t\t\t\t\t\t\t<p>Le r\u00e9seau suisse pour l'innovation, la r\u00e9glementation et la finance num\u00e9rique dans le domaine de la fintech.<\/p>\t\t\t\t\t\t\t\t<\/div>\n\t\t\t\t<\/div>\n\t\t\t\t\t<\/div>\n\t\t<\/div>\n\t\t\t\t\t<\/div>\n\t\t<\/section>\n\t\t\t\t<section class=\"elementor-section elementor-top-section elementor-element elementor-element-ef22b61 elementor-section-content-top elementor-section-boxed elementor-section-height-default elementor-section-height-default\" data-id=\"ef22b61\" data-element_type=\"section\" data-e-type=\"section\" data-settings=\"{&quot;background_background&quot;:&quot;classic&quot;}\">\n\t\t\t\t\t\t<div class=\"elementor-container elementor-column-gap-default\">\n\t\t\t\t\t<div class=\"elementor-column elementor-col-50 elementor-top-column elementor-element elementor-element-e7befbc\" data-id=\"e7befbc\" data-element_type=\"column\" data-e-type=\"column\">\n\t\t\t<div class=\"elementor-widget-wrap elementor-element-populated\">\n\t\t\t\t\t\t<div class=\"elementor-element elementor-element-07106d6 elementor-widget elementor-widget-image\" data-id=\"07106d6\" data-element_type=\"widget\" data-e-type=\"widget\" data-widget_type=\"image.default\">\n\t\t\t\t<div class=\"elementor-widget-container\">\n\t\t\t\t\t\t\t\t\t\t\t\t\t\t\t<img fetchpriority=\"high\" decoding=\"async\" width=\"1000\" height=\"667\" src=\"https:\/\/swissfintechalliance.ch\/wp-content\/uploads\/2023\/05\/swiss-fintech-alliance-innovation-hub.jpg\" class=\"attachment-full size-full wp-image-29436\" alt=\"Immeuble de bureaux moderne en Suisse repr\u00e9sentant la pr\u00e9sence physique de la Swiss Fintech Alliance et son engagement en faveur de l&#039;innovation et de la r\u00e9glementation.\" srcset=\"https:\/\/swissfintechalliance.ch\/wp-content\/uploads\/2023\/05\/swiss-fintech-alliance-innovation-hub.jpg 1000w, https:\/\/swissfintechalliance.ch\/wp-content\/uploads\/2023\/05\/swiss-fintech-alliance-innovation-hub-300x200.jpg 300w, https:\/\/swissfintechalliance.ch\/wp-content\/uploads\/2023\/05\/swiss-fintech-alliance-innovation-hub-768x512.jpg 768w, https:\/\/swissfintechalliance.ch\/wp-content\/uploads\/2023\/05\/swiss-fintech-alliance-innovation-hub-18x12.jpg 18w\" sizes=\"(max-width: 1000px) 100vw, 1000px\" \/>\t\t\t\t\t\t\t\t\t\t\t\t\t\t\t<\/div>\n\t\t\t\t<\/div>\n\t\t\t\t<div class=\"elementor-element elementor-element-bda0542 elementor-widget elementor-widget-spacer\" data-id=\"bda0542\" data-element_type=\"widget\" data-e-type=\"widget\" data-widget_type=\"spacer.default\">\n\t\t\t\t<div class=\"elementor-widget-container\">\n\t\t\t\t\t\t\t<div class=\"elementor-spacer\">\n\t\t\t<div class=\"elementor-spacer-inner\"><\/div>\n\t\t<\/div>\n\t\t\t\t\t\t<\/div>\n\t\t\t\t<\/div>\n\t\t\t\t<div class=\"elementor-element elementor-element-638bf8d elementor-widget elementor-widget-text-editor\" data-id=\"638bf8d\" data-element_type=\"widget\" data-e-type=\"widget\" data-widget_type=\"text-editor.default\">\n\t\t\t\t<div class=\"elementor-widget-container\">\n\t\t\t\t\t\t\t\t\t<h2>Impression<\/h2>\n\n<p>Swiss Fintech Alliance (SFA)<br>\nVia Redondello 24A<br>\n6982 Agno TI<br>\nSuisse<\/p>\n\n<p><strong>Responsable du contenu :<\/strong><br>\nMichael Br\u00fcggler<br>\n<a href=\"mailto:mb@swissfintechalliance.ch\">mb@swissfintechalliance.ch<\/a><\/p>\n<br><br>\n<h3>Clause de non-responsabilit\u00e9<\/h3>\n\n<p>L'auteur n'assume aucune responsabilit\u00e9 quant \u00e0 l'exactitude, la pr\u00e9cision, l'actualit\u00e9, la fiabilit\u00e9 et l'exhaustivit\u00e9 des informations.<\/p>\n\n<p>Les pr\u00e9tentions en responsabilit\u00e9 civile contre l'auteur pour des dommages mat\u00e9riels ou immat\u00e9riels r\u00e9sultant de l'acc\u00e8s, de l'utilisation ou de la non-utilisation des informations publi\u00e9es, d'une mauvaise utilisation de la connexion ou de dysfonctionnements techniques sont exclues.<\/p>\n\n<p>Toutes les offres sont sans engagement. L'auteur se r\u00e9serve express\u00e9ment le droit de modifier, de compl\u00e9ter, de supprimer ou d'interrompre temporairement ou d\u00e9finitivement la publication sans pr\u00e9avis.<\/p>\n\n<h3>Clause de non-responsabilit\u00e9 pour le contenu et les liens<\/h3>\n\n<p>Les r\u00e9f\u00e9rences et les liens vers des sites Web tiers \u00e9chappent \u00e0 notre responsabilit\u00e9. Nous d\u00e9clinons toute responsabilit\u00e9 concernant ces sites Web. L'acc\u00e8s \u00e0 ces sites Web et leur utilisation rel\u00e8vent de la seule responsabilit\u00e9 de l'utilisateur.<\/p>\n\n<h3>Droit d'auteur<\/h3>\n\n<p>Tous les contenus, images, photos et autres fichiers pr\u00e9sents sur ce site web sont la propri\u00e9t\u00e9 exclusive de Swiss Fintech Alliance ou des ayants droit nomm\u00e9s sp\u00e9cifiquement. Toute reproduction n\u00e9cessite une autorisation \u00e9crite pr\u00e9alable.<\/p>\t\t\t\t\t\t\t\t<\/div>\n\t\t\t\t<\/div>\n\t\t\t\t<div class=\"elementor-element elementor-element-ca0de06 elementor-widget elementor-widget-spacer\" data-id=\"ca0de06\" data-element_type=\"widget\" data-e-type=\"widget\" data-widget_type=\"spacer.default\">\n\t\t\t\t<div class=\"elementor-widget-container\">\n\t\t\t\t\t\t\t<div class=\"elementor-spacer\">\n\t\t\t<div class=\"elementor-spacer-inner\"><\/div>\n\t\t<\/div>\n\t\t\t\t\t\t<\/div>\n\t\t\t\t<\/div>\n\t\t\t\t\t<\/div>\n\t\t<\/div>\n\t\t\t\t<div class=\"elementor-column elementor-col-50 elementor-top-column elementor-element elementor-element-18c54af\" data-id=\"18c54af\" data-element_type=\"column\" data-e-type=\"column\">\n\t\t\t<div class=\"elementor-widget-wrap elementor-element-populated\">\n\t\t\t\t\t\t<div class=\"elementor-element elementor-element-c96f644 elementor-widget elementor-widget-text-editor\" data-id=\"c96f644\" data-element_type=\"widget\" data-e-type=\"widget\" data-widget_type=\"text-editor.default\">\n\t\t\t\t<div class=\"elementor-widget-container\">\n\t\t\t\t\t\t\t\t\t<h2>\u00c0 propos de la Swiss Fintech Alliance<\/h2>\n\n<p>\nLe <strong>Swiss Fintech Alliance<\/strong> est une organisation suisse \u00e0 but non lucratif qui s'engage \u00e0 renforcer l'innovation, la collaboration et l'\u00e9change de connaissances au sein de <strong>\u00c9cosyst\u00e8me fintech suisse<\/strong>. Son travail met un accent particulier sur les technologies \u00e9mergentes, la finance num\u00e9rique, et l'\u00e9volution constante. <strong>paysage r\u00e9glementaire en Suisse<\/strong>.\n<\/p>\n\n<p>\nEn r\u00e9unissant les entreprises financi\u00e8res ax\u00e9es sur la technologie, <a href=\"https:\/\/www.finma.ch\/de\/bewilligung\/fintech\/fintech-bewilligung\" target=\"_blank\" rel=\"noopener\">les autorit\u00e9s r\u00e9glementaires<\/a>, et les acteurs politiques, l'Alliance contribue \u00e0 positionner la Suisse comme un p\u00f4le d'excellence en mati\u00e8re d'innovation fintech, de dialogue r\u00e9glementaire et de d\u00e9veloppement financier responsable.\n<\/p>\n\n<p>\nEn outre, l'organisation soutient des initiatives qui encouragent la responsabilit\u00e9 environnementale et am\u00e9liorent l'acc\u00e8s pour les individus et les entreprises confront\u00e9s \u00e0 des conditions d\u00e9favoris\u00e9es. En tant qu'organisation politiquement et religieusement neutre, la Swiss Fintech Alliance promeut le progr\u00e8s durable, l'innovation et la participation inclusive dans la construction de l'avenir de la finance.\n<\/p>\n\n<p>\nSa mission principale est de faire progresser les technologies financi\u00e8res transformatrices, de favoriser un dialogue constructif avec les r\u00e9gulateurs et de renforcer le r\u00f4le de la Suisse en tant que centre de fintech d'importance mondiale.\n<\/p>\n\n<h3>Retourner au site principal<\/h3>\n\n<p>\n<a href=\"https:\/\/swissfintechalliance.ch\/fr\/\" target=\"_blank\" rel=\"noopener\">Retour \u00e0 swissfintechalliance.ch<\/a>\n<\/p>\t\t\t\t\t\t\t\t<\/div>\n\t\t\t\t<\/div>\n\t\t\t\t\t<\/div>\n\t\t<\/div>\n\t\t\t\t\t<\/div>\n\t\t<\/section>\n\t\t\t\t<\/div>","protected":false},"excerpt":{"rendered":"<p>Legal Information &amp; Imprint Switzerland\u2019s network for fintech innovation, regulation, and digital finance. Imprint Swiss Fintech Alliance (SFA) Via Redondello 24A 6982 Agno TI Switzerland Responsible for content: Michael Br\u00fcggler mb@swissfintechalliance.ch Disclaimer The author assumes no liability for the correctness, accuracy, timeliness, reliability and completeness of the information. Liability claims against the author for material [&hellip;]<\/p>\n","protected":false},"author":1,"featured_media":0,"parent":29028,"menu_order":0,"comment_status":"closed","ping_status":"closed","template":"elementor_header_footer","meta":{"footnotes":""},"class_list":["post-29479","page","type-page","status-publish","hentry"],"yoast_head":"<!-- This site is optimized with the Yoast SEO plugin v27.3 - https:\/\/yoast.com\/product\/yoast-seo-wordpress\/ -->\n<title>Legal Notice - Swiss Fintech Alliance<\/title>\n<meta name=\"description\" content=\"Please read our Swiss Fintech Alliance Legal Notice to reach out for any questions. Thank you for visiting our homepage.\" \/>\n<meta name=\"robots\" content=\"index, follow, max-snippet:-1, max-image-preview:large, max-video-preview:-1\" \/>\n<link rel=\"canonical\" href=\"https:\/\/swissfintechalliance.ch\/fr\/swiss-fintech-alliance\/avis-juridique\/\" \/>\n<meta property=\"og:locale\" content=\"fr_FR\" \/>\n<meta property=\"og:type\" content=\"article\" \/>\n<meta property=\"og:title\" content=\"Legal Notice - Swiss Fintech Alliance\" \/>\n<meta property=\"og:description\" content=\"Please read our Swiss Fintech Alliance Legal Notice to reach out for any questions. Thank you for visiting our homepage.\" \/>\n<meta property=\"og:url\" content=\"https:\/\/swissfintechalliance.ch\/fr\/swiss-fintech-alliance\/avis-juridique\/\" \/>\n<meta property=\"og:site_name\" content=\"Swiss Fintech Alliance\" \/>\n<meta property=\"article:modified_time\" content=\"2026-03-29T11:59:29+00:00\" \/>\n<meta property=\"og:image\" content=\"https:\/\/swissfintechalliance.ch\/wp-content\/uploads\/2023\/05\/swiss-fintech-alliance-innovation-hub.jpg\" \/>\n\t<meta property=\"og:image:width\" content=\"1000\" \/>\n\t<meta property=\"og:image:height\" content=\"667\" \/>\n\t<meta property=\"og:image:type\" content=\"image\/webp\" \/>\n<meta name=\"twitter:card\" content=\"summary_large_image\" \/>\n<meta name=\"twitter:label1\" content=\"Dur\u00e9e de lecture estim\u00e9e\" \/>\n\t<meta name=\"twitter:data1\" content=\"2 minutes\" \/>\n<script type=\"application\/ld+json\" class=\"yoast-schema-graph\">{\"@context\":\"https:\\\/\\\/schema.org\",\"@graph\":[{\"@type\":\"WebPage\",\"@id\":\"https:\\\/\\\/swissfintechalliance.ch\\\/swiss-fintech-alliance\\\/legal-notice\\\/\",\"url\":\"https:\\\/\\\/swissfintechalliance.ch\\\/swiss-fintech-alliance\\\/legal-notice\\\/\",\"name\":\"Legal Notice - Swiss Fintech Alliance\",\"isPartOf\":{\"@id\":\"https:\\\/\\\/swissfintechalliance.ch\\\/#website\"},\"primaryImageOfPage\":{\"@id\":\"https:\\\/\\\/swissfintechalliance.ch\\\/swiss-fintech-alliance\\\/legal-notice\\\/#primaryimage\"},\"image\":{\"@id\":\"https:\\\/\\\/swissfintechalliance.ch\\\/swiss-fintech-alliance\\\/legal-notice\\\/#primaryimage\"},\"thumbnailUrl\":\"https:\\\/\\\/swissfintechalliance.ch\\\/wp-content\\\/uploads\\\/2023\\\/05\\\/swiss-fintech-alliance-innovation-hub.jpg\",\"datePublished\":\"2023-05-27T12:22:58+00:00\",\"dateModified\":\"2026-03-29T11:59:29+00:00\",\"description\":\"Please read our Swiss Fintech Alliance Legal Notice to reach out for any questions. Thank you for visiting our homepage.\",\"breadcrumb\":{\"@id\":\"https:\\\/\\\/swissfintechalliance.ch\\\/swiss-fintech-alliance\\\/legal-notice\\\/#breadcrumb\"},\"inLanguage\":\"fr-FR\",\"potentialAction\":[{\"@type\":\"ReadAction\",\"target\":[\"https:\\\/\\\/swissfintechalliance.ch\\\/swiss-fintech-alliance\\\/legal-notice\\\/\"]}]},{\"@type\":\"ImageObject\",\"inLanguage\":\"fr-FR\",\"@id\":\"https:\\\/\\\/swissfintechalliance.ch\\\/swiss-fintech-alliance\\\/legal-notice\\\/#primaryimage\",\"url\":\"https:\\\/\\\/swissfintechalliance.ch\\\/wp-content\\\/uploads\\\/2023\\\/05\\\/swiss-fintech-alliance-innovation-hub.jpg\",\"contentUrl\":\"https:\\\/\\\/swissfintechalliance.ch\\\/wp-content\\\/uploads\\\/2023\\\/05\\\/swiss-fintech-alliance-innovation-hub.jpg\"},{\"@type\":\"BreadcrumbList\",\"@id\":\"https:\\\/\\\/swissfintechalliance.ch\\\/swiss-fintech-alliance\\\/legal-notice\\\/#breadcrumb\",\"itemListElement\":[{\"@type\":\"ListItem\",\"position\":1,\"name\":\"Startseite\",\"item\":\"https:\\\/\\\/swissfintechalliance.ch\\\/\"},{\"@type\":\"ListItem\",\"position\":2,\"name\":\"Swiss Fintech\",\"item\":\"https:\\\/\\\/swissfintechalliance.ch\\\/\"},{\"@type\":\"ListItem\",\"position\":3,\"name\":\"Legal Notice\"}]},{\"@type\":\"WebSite\",\"@id\":\"https:\\\/\\\/swissfintechalliance.ch\\\/#website\",\"url\":\"https:\\\/\\\/swissfintechalliance.ch\\\/\",\"name\":\"Swiss Fintech Alliance\",\"description\":\"Pioneering Innovation\",\"publisher\":{\"@id\":\"https:\\\/\\\/swissfintechalliance.ch\\\/#organization\"},\"potentialAction\":[{\"@type\":\"SearchAction\",\"target\":{\"@type\":\"EntryPoint\",\"urlTemplate\":\"https:\\\/\\\/swissfintechalliance.ch\\\/?s={search_term_string}\"},\"query-input\":{\"@type\":\"PropertyValueSpecification\",\"valueRequired\":true,\"valueName\":\"search_term_string\"}}],\"inLanguage\":\"fr-FR\"},{\"@type\":\"Organization\",\"@id\":\"https:\\\/\\\/swissfintechalliance.ch\\\/#organization\",\"name\":\"Swiss Fintech Alliance\",\"url\":\"https:\\\/\\\/swissfintechalliance.ch\\\/\",\"logo\":{\"@type\":\"ImageObject\",\"inLanguage\":\"fr-FR\",\"@id\":\"https:\\\/\\\/swissfintechalliance.ch\\\/#\\\/schema\\\/logo\\\/image\\\/\",\"url\":\"https:\\\/\\\/swissfintechalliance.ch\\\/wp-content\\\/uploads\\\/2023\\\/05\\\/swiss-fintech-alliance-official-logo.png\",\"contentUrl\":\"https:\\\/\\\/swissfintechalliance.ch\\\/wp-content\\\/uploads\\\/2023\\\/05\\\/swiss-fintech-alliance-official-logo.png\",\"width\":249,\"height\":71,\"caption\":\"Swiss Fintech Alliance\"},\"image\":{\"@id\":\"https:\\\/\\\/swissfintechalliance.ch\\\/#\\\/schema\\\/logo\\\/image\\\/\"}}]}<\/script>\n<!-- \/ Yoast SEO plugin. -->","yoast_head_json":{"title":"Mentions l\u00e9gales - Swiss Fintech Alliance","description":"Veuillez lire les mentions l\u00e9gales de la Swiss Fintech Alliance avant de nous contacter pour toute question. Nous vous remercions de votre visite sur notre page d'accueil.","robots":{"index":"index","follow":"follow","max-snippet":"max-snippet:-1","max-image-preview":"max-image-preview:large","max-video-preview":"max-video-preview:-1"},"canonical":"https:\/\/swissfintechalliance.ch\/fr\/swiss-fintech-alliance\/avis-juridique\/","og_locale":"fr_FR","og_type":"article","og_title":"Legal Notice - Swiss Fintech Alliance","og_description":"Please read our Swiss Fintech Alliance Legal Notice to reach out for any questions. Thank you for visiting our homepage.","og_url":"https:\/\/swissfintechalliance.ch\/fr\/swiss-fintech-alliance\/avis-juridique\/","og_site_name":"Swiss Fintech Alliance","article_modified_time":"2026-03-29T11:59:29+00:00","og_image":[{"width":1000,"height":667,"url":"https:\/\/swissfintechalliance.ch\/wp-content\/uploads\/2023\/05\/swiss-fintech-alliance-innovation-hub.jpg","type":"image\/webp"}],"twitter_card":"summary_large_image","twitter_misc":{"Dur\u00e9e de lecture estim\u00e9e":"2 minutes"},"schema":{"@context":"https:\/\/schema.org","@graph":[{"@type":"WebPage","@id":"https:\/\/swissfintechalliance.ch\/swiss-fintech-alliance\/legal-notice\/","url":"https:\/\/swissfintechalliance.ch\/swiss-fintech-alliance\/legal-notice\/","name":"Mentions l\u00e9gales - Swiss Fintech Alliance","isPartOf":{"@id":"https:\/\/swissfintechalliance.ch\/#website"},"primaryImageOfPage":{"@id":"https:\/\/swissfintechalliance.ch\/swiss-fintech-alliance\/legal-notice\/#primaryimage"},"image":{"@id":"https:\/\/swissfintechalliance.ch\/swiss-fintech-alliance\/legal-notice\/#primaryimage"},"thumbnailUrl":"https:\/\/swissfintechalliance.ch\/wp-content\/uploads\/2023\/05\/swiss-fintech-alliance-innovation-hub.jpg","datePublished":"2023-05-27T12:22:58+00:00","dateModified":"2026-03-29T11:59:29+00:00","description":"Veuillez lire les mentions l\u00e9gales de la Swiss Fintech Alliance avant de nous contacter pour toute question. Nous vous remercions de votre visite sur notre page d'accueil.","breadcrumb":{"@id":"https:\/\/swissfintechalliance.ch\/swiss-fintech-alliance\/legal-notice\/#breadcrumb"},"inLanguage":"fr-FR","potentialAction":[{"@type":"ReadAction","target":["https:\/\/swissfintechalliance.ch\/swiss-fintech-alliance\/legal-notice\/"]}]},{"@type":"ImageObject","inLanguage":"fr-FR","@id":"https:\/\/swissfintechalliance.ch\/swiss-fintech-alliance\/legal-notice\/#primaryimage","url":"https:\/\/swissfintechalliance.ch\/wp-content\/uploads\/2023\/05\/swiss-fintech-alliance-innovation-hub.jpg","contentUrl":"https:\/\/swissfintechalliance.ch\/wp-content\/uploads\/2023\/05\/swiss-fintech-alliance-innovation-hub.jpg"},{"@type":"BreadcrumbList","@id":"https:\/\/swissfintechalliance.ch\/swiss-fintech-alliance\/legal-notice\/#breadcrumb","itemListElement":[{"@type":"ListItem","position":1,"name":"Startseite","item":"https:\/\/swissfintechalliance.ch\/"},{"@type":"ListItem","position":2,"name":"Swiss Fintech","item":"https:\/\/swissfintechalliance.ch\/"},{"@type":"ListItem","position":3,"name":"Legal Notice"}]},{"@type":"WebSite","@id":"https:\/\/swissfintechalliance.ch\/#website","url":"https:\/\/swissfintechalliance.ch\/","name":"Swiss Fintech Alliance","description":"L'innovation pionni\u00e8re","publisher":{"@id":"https:\/\/swissfintechalliance.ch\/#organization"},"potentialAction":[{"@type":"SearchAction","target":{"@type":"EntryPoint","urlTemplate":"https:\/\/swissfintechalliance.ch\/?s={search_term_string}"},"query-input":{"@type":"PropertyValueSpecification","valueRequired":true,"valueName":"search_term_string"}}],"inLanguage":"fr-FR"},{"@type":"Organization","@id":"https:\/\/swissfintechalliance.ch\/#organization","name":"Swiss Fintech Alliance","url":"https:\/\/swissfintechalliance.ch\/","logo":{"@type":"ImageObject","inLanguage":"fr-FR","@id":"https:\/\/swissfintechalliance.ch\/#\/schema\/logo\/image\/","url":"https:\/\/swissfintechalliance.ch\/wp-content\/uploads\/2023\/05\/swiss-fintech-alliance-official-logo.png","contentUrl":"https:\/\/swissfintechalliance.ch\/wp-content\/uploads\/2023\/05\/swiss-fintech-alliance-official-logo.png","width":249,"height":71,"caption":"Swiss Fintech Alliance"},"image":{"@id":"https:\/\/swissfintechalliance.ch\/#\/schema\/logo\/image\/"}}]}},"_links":{"self":[{"href":"https:\/\/swissfintechalliance.ch\/fr\/wp-json\/wp\/v2\/pages\/29479","targetHints":{"allow":["GET"]}}],"collection":[{"href":"https:\/\/swissfintechalliance.ch\/fr\/wp-json\/wp\/v2\/pages"}],"about":[{"href":"https:\/\/swissfintechalliance.ch\/fr\/wp-json\/wp\/v2\/types\/page"}],"author":[{"embeddable":true,"href":"https:\/\/swissfintechalliance.ch\/fr\/wp-json\/wp\/v2\/users\/1"}],"replies":[{"embeddable":true,"href":"https:\/\/swissfintechalliance.ch\/fr\/wp-json\/wp\/v2\/comments?post=29479"}],"version-history":[{"count":40,"href":"https:\/\/swissfintechalliance.ch\/fr\/wp-json\/wp\/v2\/pages\/29479\/revisions"}],"predecessor-version":[{"id":30294,"href":"https:\/\/swissfintechalliance.ch\/fr\/wp-json\/wp\/v2\/pages\/29479\/revisions\/30294"}],"up":[{"embeddable":true,"href":"https:\/\/swissfintechalliance.ch\/fr\/wp-json\/wp\/v2\/pages\/29028"}],"wp:attachment":[{"href":"https:\/\/swissfintechalliance.ch\/fr\/wp-json\/wp\/v2\/media?parent=29479"}],"curies":[{"name":"wp","href":"https:\/\/api.w.org\/{rel}","templated":true}]}}