{"id":29442,"date":"2023-05-27T08:34:17","date_gmt":"2023-05-27T06:34:17","guid":{"rendered":"https:\/\/swissfintechalliance.ch\/?page_id=29442"},"modified":"2026-03-29T14:35:06","modified_gmt":"2026-03-29T12:35:06","slug":"data-protection","status":"publish","type":"page","link":"https:\/\/swissfintechalliance.ch\/fr\/swiss-fintech-alliance\/protection-des-donnees\/","title":{"rendered":"Protection des donn\u00e9es"},"content":{"rendered":"<div data-elementor-type=\"wp-page\" data-elementor-id=\"29442\" class=\"elementor elementor-29442\" data-elementor-post-type=\"page\">\n\t\t\t\t\t\t<section class=\"elementor-section elementor-top-section elementor-element elementor-element-6aad4b79 elementor-section-content-top elementor-section-boxed elementor-section-height-default elementor-section-height-default\" data-id=\"6aad4b79\" data-element_type=\"section\" data-e-type=\"section\" data-settings=\"{&quot;background_background&quot;:&quot;classic&quot;}\">\n\t\t\t\t\t\t<div class=\"elementor-container elementor-column-gap-default\">\n\t\t\t\t\t<div class=\"elementor-column elementor-col-100 elementor-top-column elementor-element elementor-element-6c224c64\" data-id=\"6c224c64\" data-element_type=\"column\" data-e-type=\"column\">\n\t\t\t<div class=\"elementor-widget-wrap elementor-element-populated\">\n\t\t\t\t\t\t<div class=\"elementor-element elementor-element-3b6a7bb5 elementor-widget elementor-widget-heading\" data-id=\"3b6a7bb5\" data-element_type=\"widget\" data-e-type=\"widget\" data-widget_type=\"heading.default\">\n\t\t\t\t<div class=\"elementor-widget-container\">\n\t\t\t\t\t<h1 class=\"elementor-heading-title elementor-size-default\">Politique de confidentialit\u00e9<\/h1>\t\t\t\t<\/div>\n\t\t\t\t<\/div>\n\t\t\t\t<div class=\"elementor-element elementor-element-d45b377 elementor-widget elementor-widget-text-editor\" data-id=\"d45b377\" data-element_type=\"widget\" data-e-type=\"widget\" data-widget_type=\"text-editor.default\">\n\t\t\t\t<div class=\"elementor-widget-container\">\n\t\t\t\t\t\t\t\t\t<p>Pr\u00e9sentation de la mani\u00e8re dont les donn\u00e9es personnelles sont collect\u00e9es, trait\u00e9es et prot\u00e9g\u00e9es conform\u00e9ment \u00e0 la loi suisse sur la protection des donn\u00e9es et aux r\u00e9glementations applicables.<\/p>\t\t\t\t\t\t\t\t<\/div>\n\t\t\t\t<\/div>\n\t\t\t\t<div class=\"elementor-element elementor-element-2e15ecd elementor-widget elementor-widget-spacer\" data-id=\"2e15ecd\" data-element_type=\"widget\" data-e-type=\"widget\" data-widget_type=\"spacer.default\">\n\t\t\t\t<div class=\"elementor-widget-container\">\n\t\t\t\t\t\t\t<div class=\"elementor-spacer\">\n\t\t\t<div class=\"elementor-spacer-inner\"><\/div>\n\t\t<\/div>\n\t\t\t\t\t\t<\/div>\n\t\t\t\t<\/div>\n\t\t\t\t\t<\/div>\n\t\t<\/div>\n\t\t\t\t\t<\/div>\n\t\t<\/section>\n\t\t\t\t<section class=\"elementor-section elementor-top-section elementor-element elementor-element-84c2971 elementor-section-content-top elementor-section-boxed elementor-section-height-default elementor-section-height-default\" data-id=\"84c2971\" data-element_type=\"section\" data-e-type=\"section\" data-settings=\"{&quot;background_background&quot;:&quot;classic&quot;}\">\n\t\t\t\t\t\t<div class=\"elementor-container elementor-column-gap-default\">\n\t\t\t\t\t<div class=\"elementor-column elementor-col-50 elementor-top-column elementor-element elementor-element-cc292d1\" data-id=\"cc292d1\" data-element_type=\"column\" data-e-type=\"column\">\n\t\t\t<div class=\"elementor-widget-wrap elementor-element-populated\">\n\t\t\t\t\t\t<div class=\"elementor-element elementor-element-267f13a animated-slow elementor-invisible elementor-widget elementor-widget-image\" data-id=\"267f13a\" data-element_type=\"widget\" data-e-type=\"widget\" data-settings=\"{&quot;_animation&quot;:&quot;fadeIn&quot;}\" data-widget_type=\"image.default\">\n\t\t\t\t<div class=\"elementor-widget-container\">\n\t\t\t\t\t\t\t\t\t\t\t\t\t\t\t<img fetchpriority=\"high\" decoding=\"async\" width=\"1000\" height=\"667\" src=\"https:\/\/swissfintechalliance.ch\/wp-content\/uploads\/2023\/05\/swiss-fintech-alliance-innovation-hub.jpg\" class=\"attachment-full size-full wp-image-29436\" alt=\"Immeuble de bureaux moderne en Suisse repr\u00e9sentant la pr\u00e9sence physique de la Swiss Fintech Alliance et son engagement en faveur de l&#039;innovation et de la r\u00e9glementation.\" srcset=\"https:\/\/swissfintechalliance.ch\/wp-content\/uploads\/2023\/05\/swiss-fintech-alliance-innovation-hub.jpg 1000w, https:\/\/swissfintechalliance.ch\/wp-content\/uploads\/2023\/05\/swiss-fintech-alliance-innovation-hub-300x200.jpg 300w, https:\/\/swissfintechalliance.ch\/wp-content\/uploads\/2023\/05\/swiss-fintech-alliance-innovation-hub-768x512.jpg 768w, https:\/\/swissfintechalliance.ch\/wp-content\/uploads\/2023\/05\/swiss-fintech-alliance-innovation-hub-18x12.jpg 18w\" sizes=\"(max-width: 1000px) 100vw, 1000px\" \/>\t\t\t\t\t\t\t\t\t\t\t\t\t\t\t<\/div>\n\t\t\t\t<\/div>\n\t\t\t\t<div class=\"elementor-element elementor-element-e7f70d8 elementor-widget elementor-widget-spacer\" data-id=\"e7f70d8\" data-element_type=\"widget\" data-e-type=\"widget\" data-widget_type=\"spacer.default\">\n\t\t\t\t<div class=\"elementor-widget-container\">\n\t\t\t\t\t\t\t<div class=\"elementor-spacer\">\n\t\t\t<div class=\"elementor-spacer-inner\"><\/div>\n\t\t<\/div>\n\t\t\t\t\t\t<\/div>\n\t\t\t\t<\/div>\n\t\t\t\t<div class=\"elementor-element elementor-element-d4788e2 elementor-widget elementor-widget-text-editor\" data-id=\"d4788e2\" data-element_type=\"widget\" data-e-type=\"widget\" data-widget_type=\"text-editor.default\">\n\t\t\t\t<div class=\"elementor-widget-container\">\n\t\t\t\t\t\t\t\t\t<h2>Politique de confidentialit\u00e9<\/h2>\n\n<p>\nLa pr\u00e9sente politique de confidentialit\u00e9 s'applique au site web de Swiss Fintech Alliance, Via Redondello 24A, 6982 Agno, Suisse.\n<\/p>\n\n<p>\nNous prenons au s\u00e9rieux la protection de vos donn\u00e9es personnelles et traitons les donn\u00e9es personnelles conform\u00e9ment \u00e0 la loi f\u00e9d\u00e9rale suisse sur la protection des donn\u00e9es (LPD r\u00e9vis\u00e9e) et, le cas \u00e9ch\u00e9ant, au r\u00e8glement g\u00e9n\u00e9ral sur la protection des donn\u00e9es de l'UE (RGPD).\n<\/p>\n\n\u2014\n\n<h3>Contr\u00f4leur<\/h3>\n\n<p>\nSwiss Fintech Alliance<br>\nVia Redondello 24A<br>\n6982 Agno<br>\nSuisse\n<\/p>\n\n<p>\nPersonne de contact : Michael Br\u00fcggler<br>\nCourriel : <a href=\"mailto:mb@swissfintechalliance.ch\">mb@swissfintechalliance.ch<\/a><br>\nT\u00e9l\u00e9phone : +41 79 700 72 41\n<\/p>\n\n\u2014\n\n<h3>Collecte et Traitement des Donn\u00e9es Personnelles<\/h3>\n\n<p>\nLes donn\u00e9es personnelles sont toute information se rapportant \u00e0 une personne physique identifi\u00e9e ou identifiable. Nous collectons et traitons les donn\u00e9es personnelles uniquement dans la mesure n\u00e9cessaire pour fournir notre site web, r\u00e9pondre aux demandes et assurer un fonctionnement ad\u00e9quat.\n<\/p>\n\n<p>\nIl peut s'agir de\n<\/p>\n\n<ul>\n<li>Coordonn\u00e9es telles que l'adresse e-mail<\/li>\n<li>Informations soumises via les formulaires de contact ou par e-mail<\/li>\n<li>Donn\u00e9es techniques telles que l'adresse IP, le type de navigateur et l'heure d'acc\u00e8s<\/li>\n<\/ul>\n\n\u2014\n\n<h3>Objectif du traitement des donn\u00e9es<\/h3>\n\n<p>\nNous traitons les donn\u00e9es \u00e0 caract\u00e8re personnel aux fins suivantes :\n<\/p>\n\n<ul>\n<li>Fournir et maintenir le site web<\/li>\n<li>R\u00e9pondre aux demandes de renseignements et aux demandes de communication<\/li>\n<li>Assurer la s\u00e9curit\u00e9 et pr\u00e9venir les abus<\/li>\n<li>Am\u00e9lioration de la fonctionnalit\u00e9 et de la performance du site web<\/li>\n<\/ul>\n\n\u2014\n\n<h3>Base l\u00e9gale<\/h3>\n\n<p>\nLorsque applicable, le traitement des donn\u00e9es est bas\u00e9 sur\u00a0:\n<\/p>\n\n<ul>\n<li>Votre consentement<\/li>\n<li>Mesures pr\u00e9contractuelles ou contractuelles<\/li>\n<li>Int\u00e9r\u00eats l\u00e9gitimes dans l'exploitation et la s\u00e9curisation du site web<\/li>\n<li>Conformit\u00e9 aux obligations l\u00e9gales<\/li>\n<\/ul>\n\n\u2014\n\n<h3>Cookies<\/h3>\n\n<p>\nCe site web peut utiliser des cookies pour am\u00e9liorer l'exp\u00e9rience et les fonctionnalit\u00e9s de l'utilisateur. Les cookies sont de petits fichiers texte stock\u00e9s sur votre appareil.\n<\/p>\n\n<p>\nVous pouvez configurer votre navigateur pour refuser les cookies ou pour \u00eatre averti lorsqu'ils sont utilis\u00e9s. La d\u00e9sactivation des cookies peut limiter certaines fonctionnalit\u00e9s du site web.\n<\/p>\n\n\u2014\n\n<h3>Services de tiers<\/h3>\n\n<p>\nCe site web peut utiliser des services tiers tels que :\n<\/p>\n\n<ul>\n<li>Google Maps<\/li>\n<li>Google reCAPTCHA<\/li>\n<li>Contenu int\u00e9gr\u00e9 (par exemple, vid\u00e9os)<\/li>\n<\/ul>\n\n<p>\nCes prestataires peuvent traiter des donn\u00e9es en dehors de la Suisse ou de l'Espace \u00e9conomique europ\u00e9en. Les transferts de donn\u00e9es sont effectu\u00e9s conform\u00e9ment aux lois applicables en mati\u00e8re de protection des donn\u00e9es.\n<\/p>\n\n\u2014\n\n<h3>Conservation des donn\u00e9es<\/h3>\n\n<p>\nLes donn\u00e9es personnelles ne sont conserv\u00e9es que pendant la dur\u00e9e n\u00e9cessaire \u00e0 la r\u00e9alisation des finalit\u00e9s \u00e9nonc\u00e9es ci-dessus ou dans le respect des obligations l\u00e9gales.\n<\/p>\n\n\u2014\n\n<h3>S\u00e9curit\u00e9 des donn\u00e9es<\/h3>\n\n<p>\nNous mettons en \u0153uvre des mesures techniques et organisationnelles appropri\u00e9es pour prot\u00e9ger les donn\u00e9es personnelles contre l'acc\u00e8s non autoris\u00e9, la perte ou l'utilisation abusive.\n<\/p>\n\n<p>\nVeuillez noter que la transmission de donn\u00e9es sur Internet peut pr\u00e9senter des risques de s\u00e9curit\u00e9. Une protection compl\u00e8te ne peut \u00eatre garantie.\n<\/p>\n\n\u2014\n\n<h3>Vos droits<\/h3>\n\n<p>\nVous avez le droit de :\n<\/p>\n\n<ul>\n<li>Demander l'acc\u00e8s \u00e0 vos donn\u00e9es personnelles<\/li>\n<li>Demande de correction ou de suppression de vos donn\u00e9es<\/li>\n<li>Restreindre le traitement ou s'y opposer<\/li>\n<li>Retirer le consentement \u00e0 tout moment<\/li>\n<\/ul>\n\n<p>\nPour exercer vos droits, veuillez nous contacter en utilisant les coordonn\u00e9es ci-dessus.\n<\/p>\n\n\u2014\n\n<h3>Changements<\/h3>\n\n<p>\nNous pouvons mettre \u00e0 jour cette politique de confidentialit\u00e9 de temps \u00e0 autre. La version actuelle publi\u00e9e sur ce site Web s'applique.\n<\/p>\t\t\t\t\t\t\t\t<\/div>\n\t\t\t\t<\/div>\n\t\t\t\t<div class=\"elementor-element elementor-element-95f069d elementor-widget elementor-widget-spacer\" data-id=\"95f069d\" data-element_type=\"widget\" data-e-type=\"widget\" data-widget_type=\"spacer.default\">\n\t\t\t\t<div class=\"elementor-widget-container\">\n\t\t\t\t\t\t\t<div class=\"elementor-spacer\">\n\t\t\t<div class=\"elementor-spacer-inner\"><\/div>\n\t\t<\/div>\n\t\t\t\t\t\t<\/div>\n\t\t\t\t<\/div>\n\t\t\t\t\t<\/div>\n\t\t<\/div>\n\t\t\t\t<div class=\"elementor-column elementor-col-50 elementor-top-column elementor-element elementor-element-a674aa0\" data-id=\"a674aa0\" data-element_type=\"column\" data-e-type=\"column\">\n\t\t\t<div class=\"elementor-widget-wrap elementor-element-populated\">\n\t\t\t\t\t\t<div class=\"elementor-element elementor-element-c20f4a0 elementor-widget elementor-widget-text-editor\" data-id=\"c20f4a0\" data-element_type=\"widget\" data-e-type=\"widget\" data-widget_type=\"text-editor.default\">\n\t\t\t\t<div class=\"elementor-widget-container\">\n\t\t\t\t\t\t\t\t\t<h2>Aper\u00e7u de la Swiss Fintech Alliance<\/h2><p>Le <strong>Swiss Fintech Alliance<\/strong> est une organisation suisse \u00e0 but non lucratif d\u00e9di\u00e9e \u00e0 l'avancement de l'innovation, du partage des connaissances et de la collaboration \u00e0 travers <strong>\u00c9cosyst\u00e8me fintech suisse<\/strong>. Nous nous concentrons en particulier sur les technologies \u00e9mergentes, la finance num\u00e9rique et l'\u00e9volution rapide <strong>environnement r\u00e9glementaire en Suisse<\/strong>.<\/p><p>En connectant les entreprises financi\u00e8res ax\u00e9es sur la technologie, <a href=\"https:\/\/www.finma.ch\/de\/bewilligung\/fintech\/fintech-bewilligung\" target=\"_blank\" rel=\"noopener\">les autorit\u00e9s r\u00e9glementaires<\/a>, et les acteurs politiques, la Swiss Fintech Alliance contribue \u00e0 renforcer la Suisse en tant que p\u00f4le d'innovation fintech, de dialogue r\u00e9glementaire et de d\u00e9veloppement financier responsable, comp\u00e9titif \u00e0 l'\u00e9chelle mondiale.<\/p><p>Nos activit\u00e9s soutiennent \u00e9galement des projets qui promeuvent la responsabilit\u00e9 environnementale et l'inclusion des personnes et des entreprises en situation de d\u00e9savantage. Organisation neutre sur le plan politique et confessionnel, la Swiss Fintech Alliance s'engage \u00e0 promouvoir le progr\u00e8s durable, l'innovation et une large participation \u00e0 l'avenir de la finance.<\/p><p>L'objectif principal de la Swiss Fintech Alliance est de soutenir la finance disruptive, d'encourager un engagement constructif avec la r\u00e9glementation et de contribuer \u00e0 un secteur de la fintech suisse fort et pertinent au niveau international.<\/p><h3>Retourner au site principal<\/h3><p><a href=\"https:\/\/swissfintechalliance.ch\/fr\/\" target=\"_blank\" rel=\"noopener\">Retour \u00e0 swissfintechalliance.ch<\/a><\/p>\t\t\t\t\t\t\t\t<\/div>\n\t\t\t\t<\/div>\n\t\t\t\t\t<\/div>\n\t\t<\/div>\n\t\t\t\t\t<\/div>\n\t\t<\/section>\n\t\t\t\t<\/div>","protected":false},"excerpt":{"rendered":"<p>Privacy Policy Outlining how personal data is collected, processed, and protected in accordance with Swiss data protection law and applicable regulations. Privacy Policy The following privacy policy applies to the website of Swiss Fintech Alliance, Via Redondello 24A, 6982 Agno, Switzerland. We take the protection of your personal data seriously and process personal data in [&hellip;]<\/p>\n","protected":false},"author":1,"featured_media":0,"parent":29028,"menu_order":0,"comment_status":"closed","ping_status":"closed","template":"elementor_header_footer","meta":{"footnotes":""},"class_list":["post-29442","page","type-page","status-publish","hentry"],"yoast_head":"<!-- This site is optimized with the Yoast SEO plugin v27.4 - https:\/\/yoast.com\/product\/yoast-seo-wordpress\/ -->\n<title>Data Protection - Swiss Fintech Alliance<\/title>\n<meta name=\"description\" content=\"Please read our Swiss Fintech Alliance Privacy Policy to reach out for any questions. Thank you for visiting our homepage.\" \/>\n<meta name=\"robots\" content=\"index, follow, max-snippet:-1, max-image-preview:large, max-video-preview:-1\" \/>\n<link rel=\"canonical\" href=\"https:\/\/swissfintechalliance.ch\/fr\/swiss-fintech-alliance\/protection-des-donnees\/\" \/>\n<meta property=\"og:locale\" content=\"fr_FR\" \/>\n<meta property=\"og:type\" content=\"article\" \/>\n<meta property=\"og:title\" content=\"Data Protection - Swiss Fintech Alliance\" \/>\n<meta property=\"og:description\" content=\"Please read our Swiss Fintech Alliance Privacy Policy to reach out for any questions. Thank you for visiting our homepage.\" \/>\n<meta property=\"og:url\" content=\"https:\/\/swissfintechalliance.ch\/fr\/swiss-fintech-alliance\/protection-des-donnees\/\" \/>\n<meta property=\"og:site_name\" content=\"Swiss Fintech Alliance\" \/>\n<meta property=\"article:modified_time\" content=\"2026-03-29T12:35:06+00:00\" \/>\n<meta property=\"og:image\" content=\"https:\/\/swissfintechalliance.ch\/wp-content\/uploads\/2023\/05\/swiss-fintech-alliance-innovation-hub.jpg\" \/>\n\t<meta property=\"og:image:width\" content=\"1000\" \/>\n\t<meta property=\"og:image:height\" content=\"667\" \/>\n\t<meta property=\"og:image:type\" content=\"image\/webp\" \/>\n<meta name=\"twitter:card\" content=\"summary_large_image\" \/>\n<meta name=\"twitter:label1\" content=\"Dur\u00e9e de lecture estim\u00e9e\" \/>\n\t<meta name=\"twitter:data1\" content=\"3 minutes\" \/>\n<script type=\"application\/ld+json\" class=\"yoast-schema-graph\">{\"@context\":\"https:\\\/\\\/schema.org\",\"@graph\":[{\"@type\":\"WebPage\",\"@id\":\"https:\\\/\\\/swissfintechalliance.ch\\\/swiss-fintech-alliance\\\/data-protection\\\/\",\"url\":\"https:\\\/\\\/swissfintechalliance.ch\\\/swiss-fintech-alliance\\\/data-protection\\\/\",\"name\":\"Data Protection - Swiss Fintech Alliance\",\"isPartOf\":{\"@id\":\"https:\\\/\\\/swissfintechalliance.ch\\\/#website\"},\"primaryImageOfPage\":{\"@id\":\"https:\\\/\\\/swissfintechalliance.ch\\\/swiss-fintech-alliance\\\/data-protection\\\/#primaryimage\"},\"image\":{\"@id\":\"https:\\\/\\\/swissfintechalliance.ch\\\/swiss-fintech-alliance\\\/data-protection\\\/#primaryimage\"},\"thumbnailUrl\":\"https:\\\/\\\/swissfintechalliance.ch\\\/wp-content\\\/uploads\\\/2023\\\/05\\\/swiss-fintech-alliance-innovation-hub.jpg\",\"datePublished\":\"2023-05-27T06:34:17+00:00\",\"dateModified\":\"2026-03-29T12:35:06+00:00\",\"description\":\"Please read our Swiss Fintech Alliance Privacy Policy to reach out for any questions. Thank you for visiting our homepage.\",\"breadcrumb\":{\"@id\":\"https:\\\/\\\/swissfintechalliance.ch\\\/swiss-fintech-alliance\\\/data-protection\\\/#breadcrumb\"},\"inLanguage\":\"fr-FR\",\"potentialAction\":[{\"@type\":\"ReadAction\",\"target\":[\"https:\\\/\\\/swissfintechalliance.ch\\\/swiss-fintech-alliance\\\/data-protection\\\/\"]}]},{\"@type\":\"ImageObject\",\"inLanguage\":\"fr-FR\",\"@id\":\"https:\\\/\\\/swissfintechalliance.ch\\\/swiss-fintech-alliance\\\/data-protection\\\/#primaryimage\",\"url\":\"https:\\\/\\\/swissfintechalliance.ch\\\/wp-content\\\/uploads\\\/2023\\\/05\\\/swiss-fintech-alliance-innovation-hub.jpg\",\"contentUrl\":\"https:\\\/\\\/swissfintechalliance.ch\\\/wp-content\\\/uploads\\\/2023\\\/05\\\/swiss-fintech-alliance-innovation-hub.jpg\"},{\"@type\":\"BreadcrumbList\",\"@id\":\"https:\\\/\\\/swissfintechalliance.ch\\\/swiss-fintech-alliance\\\/data-protection\\\/#breadcrumb\",\"itemListElement\":[{\"@type\":\"ListItem\",\"position\":1,\"name\":\"Startseite\",\"item\":\"https:\\\/\\\/swissfintechalliance.ch\\\/\"},{\"@type\":\"ListItem\",\"position\":2,\"name\":\"Swiss Fintech\",\"item\":\"https:\\\/\\\/swissfintechalliance.ch\\\/\"},{\"@type\":\"ListItem\",\"position\":3,\"name\":\"Data Protection\"}]},{\"@type\":\"WebSite\",\"@id\":\"https:\\\/\\\/swissfintechalliance.ch\\\/#website\",\"url\":\"https:\\\/\\\/swissfintechalliance.ch\\\/\",\"name\":\"Swiss Fintech Alliance\",\"description\":\"Pioneering Innovation\",\"publisher\":{\"@id\":\"https:\\\/\\\/swissfintechalliance.ch\\\/#organization\"},\"potentialAction\":[{\"@type\":\"SearchAction\",\"target\":{\"@type\":\"EntryPoint\",\"urlTemplate\":\"https:\\\/\\\/swissfintechalliance.ch\\\/?s={search_term_string}\"},\"query-input\":{\"@type\":\"PropertyValueSpecification\",\"valueRequired\":true,\"valueName\":\"search_term_string\"}}],\"inLanguage\":\"fr-FR\"},{\"@type\":\"Organization\",\"@id\":\"https:\\\/\\\/swissfintechalliance.ch\\\/#organization\",\"name\":\"Swiss Fintech Alliance\",\"url\":\"https:\\\/\\\/swissfintechalliance.ch\\\/\",\"logo\":{\"@type\":\"ImageObject\",\"inLanguage\":\"fr-FR\",\"@id\":\"https:\\\/\\\/swissfintechalliance.ch\\\/#\\\/schema\\\/logo\\\/image\\\/\",\"url\":\"https:\\\/\\\/swissfintechalliance.ch\\\/wp-content\\\/uploads\\\/2023\\\/05\\\/swiss-fintech-alliance-official-logo.png\",\"contentUrl\":\"https:\\\/\\\/swissfintechalliance.ch\\\/wp-content\\\/uploads\\\/2023\\\/05\\\/swiss-fintech-alliance-official-logo.png\",\"width\":249,\"height\":71,\"caption\":\"Swiss Fintech Alliance\"},\"image\":{\"@id\":\"https:\\\/\\\/swissfintechalliance.ch\\\/#\\\/schema\\\/logo\\\/image\\\/\"}}]}<\/script>\n<!-- \/ Yoast SEO plugin. -->","yoast_head_json":{"title":"Protection des donn\u00e9es - Swiss Fintech Alliance","description":"Veuillez lire la politique de confidentialit\u00e9 de la Swiss Fintech Alliance avant de nous contacter pour toute question. Nous vous remercions de votre visite sur notre page d'accueil.","robots":{"index":"index","follow":"follow","max-snippet":"max-snippet:-1","max-image-preview":"max-image-preview:large","max-video-preview":"max-video-preview:-1"},"canonical":"https:\/\/swissfintechalliance.ch\/fr\/swiss-fintech-alliance\/protection-des-donnees\/","og_locale":"fr_FR","og_type":"article","og_title":"Data Protection - Swiss Fintech Alliance","og_description":"Please read our Swiss Fintech Alliance Privacy Policy to reach out for any questions. Thank you for visiting our homepage.","og_url":"https:\/\/swissfintechalliance.ch\/fr\/swiss-fintech-alliance\/protection-des-donnees\/","og_site_name":"Swiss Fintech Alliance","article_modified_time":"2026-03-29T12:35:06+00:00","og_image":[{"width":1000,"height":667,"url":"https:\/\/swissfintechalliance.ch\/wp-content\/uploads\/2023\/05\/swiss-fintech-alliance-innovation-hub.jpg","type":"image\/webp"}],"twitter_card":"summary_large_image","twitter_misc":{"Dur\u00e9e de lecture estim\u00e9e":"3 minutes"},"schema":{"@context":"https:\/\/schema.org","@graph":[{"@type":"WebPage","@id":"https:\/\/swissfintechalliance.ch\/swiss-fintech-alliance\/data-protection\/","url":"https:\/\/swissfintechalliance.ch\/swiss-fintech-alliance\/data-protection\/","name":"Protection des donn\u00e9es - Swiss Fintech Alliance","isPartOf":{"@id":"https:\/\/swissfintechalliance.ch\/#website"},"primaryImageOfPage":{"@id":"https:\/\/swissfintechalliance.ch\/swiss-fintech-alliance\/data-protection\/#primaryimage"},"image":{"@id":"https:\/\/swissfintechalliance.ch\/swiss-fintech-alliance\/data-protection\/#primaryimage"},"thumbnailUrl":"https:\/\/swissfintechalliance.ch\/wp-content\/uploads\/2023\/05\/swiss-fintech-alliance-innovation-hub.jpg","datePublished":"2023-05-27T06:34:17+00:00","dateModified":"2026-03-29T12:35:06+00:00","description":"Veuillez lire la politique de confidentialit\u00e9 de la Swiss Fintech Alliance avant de nous contacter pour toute question. Nous vous remercions de votre visite sur notre page d'accueil.","breadcrumb":{"@id":"https:\/\/swissfintechalliance.ch\/swiss-fintech-alliance\/data-protection\/#breadcrumb"},"inLanguage":"fr-FR","potentialAction":[{"@type":"ReadAction","target":["https:\/\/swissfintechalliance.ch\/swiss-fintech-alliance\/data-protection\/"]}]},{"@type":"ImageObject","inLanguage":"fr-FR","@id":"https:\/\/swissfintechalliance.ch\/swiss-fintech-alliance\/data-protection\/#primaryimage","url":"https:\/\/swissfintechalliance.ch\/wp-content\/uploads\/2023\/05\/swiss-fintech-alliance-innovation-hub.jpg","contentUrl":"https:\/\/swissfintechalliance.ch\/wp-content\/uploads\/2023\/05\/swiss-fintech-alliance-innovation-hub.jpg"},{"@type":"BreadcrumbList","@id":"https:\/\/swissfintechalliance.ch\/swiss-fintech-alliance\/data-protection\/#breadcrumb","itemListElement":[{"@type":"ListItem","position":1,"name":"Startseite","item":"https:\/\/swissfintechalliance.ch\/"},{"@type":"ListItem","position":2,"name":"Swiss Fintech","item":"https:\/\/swissfintechalliance.ch\/"},{"@type":"ListItem","position":3,"name":"Data Protection"}]},{"@type":"WebSite","@id":"https:\/\/swissfintechalliance.ch\/#website","url":"https:\/\/swissfintechalliance.ch\/","name":"Swiss Fintech Alliance","description":"L'innovation pionni\u00e8re","publisher":{"@id":"https:\/\/swissfintechalliance.ch\/#organization"},"potentialAction":[{"@type":"SearchAction","target":{"@type":"EntryPoint","urlTemplate":"https:\/\/swissfintechalliance.ch\/?s={search_term_string}"},"query-input":{"@type":"PropertyValueSpecification","valueRequired":true,"valueName":"search_term_string"}}],"inLanguage":"fr-FR"},{"@type":"Organization","@id":"https:\/\/swissfintechalliance.ch\/#organization","name":"Swiss Fintech Alliance","url":"https:\/\/swissfintechalliance.ch\/","logo":{"@type":"ImageObject","inLanguage":"fr-FR","@id":"https:\/\/swissfintechalliance.ch\/#\/schema\/logo\/image\/","url":"https:\/\/swissfintechalliance.ch\/wp-content\/uploads\/2023\/05\/swiss-fintech-alliance-official-logo.png","contentUrl":"https:\/\/swissfintechalliance.ch\/wp-content\/uploads\/2023\/05\/swiss-fintech-alliance-official-logo.png","width":249,"height":71,"caption":"Swiss Fintech Alliance"},"image":{"@id":"https:\/\/swissfintechalliance.ch\/#\/schema\/logo\/image\/"}}]}},"_links":{"self":[{"href":"https:\/\/swissfintechalliance.ch\/fr\/wp-json\/wp\/v2\/pages\/29442","targetHints":{"allow":["GET"]}}],"collection":[{"href":"https:\/\/swissfintechalliance.ch\/fr\/wp-json\/wp\/v2\/pages"}],"about":[{"href":"https:\/\/swissfintechalliance.ch\/fr\/wp-json\/wp\/v2\/types\/page"}],"author":[{"embeddable":true,"href":"https:\/\/swissfintechalliance.ch\/fr\/wp-json\/wp\/v2\/users\/1"}],"replies":[{"embeddable":true,"href":"https:\/\/swissfintechalliance.ch\/fr\/wp-json\/wp\/v2\/comments?post=29442"}],"version-history":[{"count":85,"href":"https:\/\/swissfintechalliance.ch\/fr\/wp-json\/wp\/v2\/pages\/29442\/revisions"}],"predecessor-version":[{"id":30303,"href":"https:\/\/swissfintechalliance.ch\/fr\/wp-json\/wp\/v2\/pages\/29442\/revisions\/30303"}],"up":[{"embeddable":true,"href":"https:\/\/swissfintechalliance.ch\/fr\/wp-json\/wp\/v2\/pages\/29028"}],"wp:attachment":[{"href":"https:\/\/swissfintechalliance.ch\/fr\/wp-json\/wp\/v2\/media?parent=29442"}],"curies":[{"name":"wp","href":"https:\/\/api.w.org\/{rel}","templated":true}]}}