{"id":29479,"date":"2023-05-27T14:22:58","date_gmt":"2023-05-27T12:22:58","guid":{"rendered":"https:\/\/swissfintechalliance.ch\/?page_id=29479"},"modified":"2026-03-29T13:59:29","modified_gmt":"2026-03-29T11:59:29","slug":"legal-notice","status":"publish","type":"page","link":"https:\/\/swissfintechalliance.ch\/de\/swiss-fintech-alliance\/rechtshinweis\/","title":{"rendered":"Rechtlicher Hinweis"},"content":{"rendered":"<div data-elementor-type=\"wp-page\" data-elementor-id=\"29479\" class=\"elementor elementor-29479\" data-elementor-post-type=\"page\">\n\t\t\t\t\t\t<section class=\"elementor-section elementor-top-section elementor-element elementor-element-6aad4b79 elementor-section-content-top elementor-section-boxed elementor-section-height-default elementor-section-height-default\" data-id=\"6aad4b79\" data-element_type=\"section\" data-e-type=\"section\" data-settings=\"{&quot;background_background&quot;:&quot;classic&quot;}\">\n\t\t\t\t\t\t<div class=\"elementor-container elementor-column-gap-default\">\n\t\t\t\t\t<div class=\"elementor-column elementor-col-100 elementor-top-column elementor-element elementor-element-6c224c64\" data-id=\"6c224c64\" data-element_type=\"column\" data-e-type=\"column\">\n\t\t\t<div class=\"elementor-widget-wrap elementor-element-populated\">\n\t\t\t\t\t\t<div class=\"elementor-element elementor-element-3b6a7bb5 elementor-widget elementor-widget-heading\" data-id=\"3b6a7bb5\" data-element_type=\"widget\" data-e-type=\"widget\" data-widget_type=\"heading.default\">\n\t\t\t\t<div class=\"elementor-widget-container\">\n\t\t\t\t\t<h1 class=\"elementor-heading-title elementor-size-default\">Rechtliche Informationen &amp; Impressum<\/h1>\t\t\t\t<\/div>\n\t\t\t\t<\/div>\n\t\t\t\t<div class=\"elementor-element elementor-element-0dc971c elementor-widget elementor-widget-text-editor\" data-id=\"0dc971c\" data-element_type=\"widget\" data-e-type=\"widget\" data-widget_type=\"text-editor.default\">\n\t\t\t\t<div class=\"elementor-widget-container\">\n\t\t\t\t\t\t\t\t\t<p>Die Schweizer Vernetzung f\u00fcr Fintech-Innovation, Regulierung und digitale Finanzen.<\/p>\t\t\t\t\t\t\t\t<\/div>\n\t\t\t\t<\/div>\n\t\t\t\t\t<\/div>\n\t\t<\/div>\n\t\t\t\t\t<\/div>\n\t\t<\/section>\n\t\t\t\t<section class=\"elementor-section elementor-top-section elementor-element elementor-element-ef22b61 elementor-section-content-top elementor-section-boxed elementor-section-height-default elementor-section-height-default\" data-id=\"ef22b61\" data-element_type=\"section\" data-e-type=\"section\" data-settings=\"{&quot;background_background&quot;:&quot;classic&quot;}\">\n\t\t\t\t\t\t<div class=\"elementor-container elementor-column-gap-default\">\n\t\t\t\t\t<div class=\"elementor-column elementor-col-50 elementor-top-column elementor-element elementor-element-e7befbc\" data-id=\"e7befbc\" data-element_type=\"column\" data-e-type=\"column\">\n\t\t\t<div class=\"elementor-widget-wrap elementor-element-populated\">\n\t\t\t\t\t\t<div class=\"elementor-element elementor-element-07106d6 elementor-widget elementor-widget-image\" data-id=\"07106d6\" data-element_type=\"widget\" data-e-type=\"widget\" data-widget_type=\"image.default\">\n\t\t\t\t<div class=\"elementor-widget-container\">\n\t\t\t\t\t\t\t\t\t\t\t\t\t\t\t<img fetchpriority=\"high\" decoding=\"async\" width=\"1000\" height=\"667\" src=\"https:\/\/swissfintechalliance.ch\/wp-content\/uploads\/2023\/05\/swiss-fintech-alliance-innovation-hub.jpg\" class=\"attachment-full size-full wp-image-29436\" alt=\"Modernes B\u00fcrogeb\u00e4ude in der Schweiz, das die physische Pr\u00e4senz der Swiss Fintech Alliance und ihr Engagement f\u00fcr Innovation und Regulierung repr\u00e4sentiert.\" srcset=\"https:\/\/swissfintechalliance.ch\/wp-content\/uploads\/2023\/05\/swiss-fintech-alliance-innovation-hub.jpg 1000w, https:\/\/swissfintechalliance.ch\/wp-content\/uploads\/2023\/05\/swiss-fintech-alliance-innovation-hub-300x200.jpg 300w, https:\/\/swissfintechalliance.ch\/wp-content\/uploads\/2023\/05\/swiss-fintech-alliance-innovation-hub-768x512.jpg 768w, https:\/\/swissfintechalliance.ch\/wp-content\/uploads\/2023\/05\/swiss-fintech-alliance-innovation-hub-18x12.jpg 18w\" sizes=\"(max-width: 1000px) 100vw, 1000px\" \/>\t\t\t\t\t\t\t\t\t\t\t\t\t\t\t<\/div>\n\t\t\t\t<\/div>\n\t\t\t\t<div class=\"elementor-element elementor-element-bda0542 elementor-widget elementor-widget-spacer\" data-id=\"bda0542\" data-element_type=\"widget\" data-e-type=\"widget\" data-widget_type=\"spacer.default\">\n\t\t\t\t<div class=\"elementor-widget-container\">\n\t\t\t\t\t\t\t<div class=\"elementor-spacer\">\n\t\t\t<div class=\"elementor-spacer-inner\"><\/div>\n\t\t<\/div>\n\t\t\t\t\t\t<\/div>\n\t\t\t\t<\/div>\n\t\t\t\t<div class=\"elementor-element elementor-element-638bf8d elementor-widget elementor-widget-text-editor\" data-id=\"638bf8d\" data-element_type=\"widget\" data-e-type=\"widget\" data-widget_type=\"text-editor.default\">\n\t\t\t\t<div class=\"elementor-widget-container\">\n\t\t\t\t\t\t\t\t\t<h2>Impressum<\/h2>\n\n<p>Schweizerische Fintech-Allianz (SFA)<br>\nVia Redondello 24A<br>\n6982 Agno TI<br>\nSchweiz<\/p>\n\n<p><strong>Verantwortlich f\u00fcr den Inhalt:<\/strong><br>\nMichael Br\u00fcggler<br>\n<a href=\"mailto:mb@swissfintechalliance.ch\">mb@swissfintechalliance.ch<\/a><\/p>\n<br><br>\n<h3>Haftungsausschluss<\/h3>\n\n<p>Der Autor \u00fcbernimmt keinerlei Gew\u00e4hr hinsichtlich der inhaltlichen Richtigkeit, Genauigkeit, Aktualit\u00e4t, Zuverl\u00e4ssigkeit und Vollst\u00e4ndigkeit der Informationen.<\/p>\n\n<p>Haftungsanspr\u00fcche gegen den Autor wegen Sch\u00e4den materieller oder immaterieller Art, die sich aus dem Zugriff auf, der Nutzung oder Nichtnutzung der ver\u00f6ffentlichten Informationen, dem Missbrauch der Verbindung oder technischen St\u00f6rungen ergeben, sind ausgeschlossen.<\/p>\n\n<p>Alle Angebote sind freibleibend. Der Verfasser beh\u00e4lt sich ausdr\u00fccklich vor, Teile der Seiten oder das gesamte Angebot ohne gesonderte Ank\u00fcndigung zu ver\u00e4ndern, zu erg\u00e4nzen, zu l\u00f6schen oder die Ver\u00f6ffentlichung zeitweise oder endg\u00fcltig einzustellen.<\/p>\n\n<h3>Haftungsausschluss f\u00fcr Inhalte und Links<\/h3>\n\n<p>Verweise und Links zu Webseiten Dritter liegen au\u00dferhalb unseres Verantwortungsbereichs. Wir \u00fcbernehmen keine Haftung f\u00fcr solche Webseiten. Der Zugriff auf und die Nutzung solcher Webseiten erfolgen auf eigene Gefahr des Nutzers.<\/p>\n\n<h3>Urheberrecht<\/h3>\n\n<p>Alle Inhalte, Bilder, Fotos und sonstigen Dateien auf dieser Website sind das ausschlie\u00dfliche Eigentum der Swiss Fintech Alliance oder der namentlich genannten Rechteinhaber. Jede Vervielf\u00e4ltigung bedarf der vorherigen schriftlichen Zustimmung.<\/p>\t\t\t\t\t\t\t\t<\/div>\n\t\t\t\t<\/div>\n\t\t\t\t<div class=\"elementor-element elementor-element-ca0de06 elementor-widget elementor-widget-spacer\" data-id=\"ca0de06\" data-element_type=\"widget\" data-e-type=\"widget\" data-widget_type=\"spacer.default\">\n\t\t\t\t<div class=\"elementor-widget-container\">\n\t\t\t\t\t\t\t<div class=\"elementor-spacer\">\n\t\t\t<div class=\"elementor-spacer-inner\"><\/div>\n\t\t<\/div>\n\t\t\t\t\t\t<\/div>\n\t\t\t\t<\/div>\n\t\t\t\t\t<\/div>\n\t\t<\/div>\n\t\t\t\t<div class=\"elementor-column elementor-col-50 elementor-top-column elementor-element elementor-element-18c54af\" data-id=\"18c54af\" data-element_type=\"column\" data-e-type=\"column\">\n\t\t\t<div class=\"elementor-widget-wrap elementor-element-populated\">\n\t\t\t\t\t\t<div class=\"elementor-element elementor-element-c96f644 elementor-widget elementor-widget-text-editor\" data-id=\"c96f644\" data-element_type=\"widget\" data-e-type=\"widget\" data-widget_type=\"text-editor.default\">\n\t\t\t\t<div class=\"elementor-widget-container\">\n\t\t\t\t\t\t\t\t\t<h2>\u00dcber die Swiss Fintech Alliance<\/h2>\n\n<p>\nDie <strong>Schweizer Fintech-Allianz<\/strong> ist eine Schweizer Non-Profit-Organisation, die sich daf\u00fcr einsetzt, Innovation, Zusammenarbeit und Wissensaustausch innerhalb der <strong>Schweizer Fintech-\u00d6kosystem<\/strong>. Seine Arbeit legt besonderen Wert auf aufkommende Technologien, digitales Finanzwesen und die sich st\u00e4ndig weiterentwickelnde <strong>regulatorische Landschaft in der Schweiz<\/strong>.\n<\/p>\n\n<p>\nDurch die Zusammenf\u00fchrung technologieorientierter Finanzunternehmen, <a href=\"https:\/\/www.finma.ch\/de\/bewilligung\/fintech\/fintech-bewilligung\" target=\"_blank\" rel=\"noopener\">Regulierungsbeh\u00f6rden<\/a>, und politischen Interessengruppen tr\u00e4gt die Allianz dazu bei, die Schweiz als f\u00fchrenden Knotenpunkt f\u00fcr Fintech-Innovation, regulatorischen Dialog und verantwortungsvolle Finanzentwicklung zu positionieren.\n<\/p>\n\n<p>\nDar\u00fcber hinaus unterst\u00fctzt die Organisation Initiativen, die \u00f6kologische Verantwortung f\u00f6rdern und den Zugang f\u00fcr Einzelpersonen und Unternehmen in benachteiligten Situationen verbessern. Als politisch und konfessionell neutrale Organisation f\u00f6rdert die Swiss Fintech Alliance nachhaltigen Fortschritt, Innovation und inklusive Teilhabe an der Gestaltung der Zukunft des Finanzwesens.\n<\/p>\n\n<p>\nSeine Kernaufgabe ist die F\u00f6rderung transformativer Finanztechnologien, die F\u00f6rderung eines konstruktiven Dialogs mit den Regulierungsbeh\u00f6rden und die St\u00e4rkung der Rolle der Schweiz als global relevantes Fintech-Zentrum.\n<\/p>\n\n<h3>Zur\u00fcck zur Hauptseite<\/h3>\n\n<p>\n<a href=\"https:\/\/swissfintechalliance.ch\/de\/\" target=\"_blank\" rel=\"noopener\">Zur\u00fcck zu swissfintechalliance.ch<\/a>\n<\/p>\t\t\t\t\t\t\t\t<\/div>\n\t\t\t\t<\/div>\n\t\t\t\t\t<\/div>\n\t\t<\/div>\n\t\t\t\t\t<\/div>\n\t\t<\/section>\n\t\t\t\t<\/div>","protected":false},"excerpt":{"rendered":"<p>Legal Information &amp; Imprint Switzerland\u2019s network for fintech innovation, regulation, and digital finance. Imprint Swiss Fintech Alliance (SFA) Via Redondello 24A 6982 Agno TI Switzerland Responsible for content: Michael Br\u00fcggler mb@swissfintechalliance.ch Disclaimer The author assumes no liability for the correctness, accuracy, timeliness, reliability and completeness of the information. Liability claims against the author for material [&hellip;]<\/p>\n","protected":false},"author":1,"featured_media":0,"parent":29028,"menu_order":0,"comment_status":"closed","ping_status":"closed","template":"elementor_header_footer","meta":{"footnotes":""},"class_list":["post-29479","page","type-page","status-publish","hentry"],"yoast_head":"<!-- This site is optimized with the Yoast SEO plugin v27.3 - https:\/\/yoast.com\/product\/yoast-seo-wordpress\/ -->\n<title>Legal Notice - Swiss Fintech Alliance<\/title>\n<meta name=\"description\" content=\"Please read our Swiss Fintech Alliance Legal Notice to reach out for any questions. Thank you for visiting our homepage.\" \/>\n<meta name=\"robots\" content=\"index, follow, max-snippet:-1, max-image-preview:large, max-video-preview:-1\" \/>\n<link rel=\"canonical\" href=\"https:\/\/swissfintechalliance.ch\/de\/swiss-fintech-alliance\/rechtshinweis\/\" \/>\n<meta property=\"og:locale\" content=\"de_DE\" \/>\n<meta property=\"og:type\" content=\"article\" \/>\n<meta property=\"og:title\" content=\"Legal Notice - Swiss Fintech Alliance\" \/>\n<meta property=\"og:description\" content=\"Please read our Swiss Fintech Alliance Legal Notice to reach out for any questions. Thank you for visiting our homepage.\" \/>\n<meta property=\"og:url\" content=\"https:\/\/swissfintechalliance.ch\/de\/swiss-fintech-alliance\/rechtshinweis\/\" \/>\n<meta property=\"og:site_name\" content=\"Swiss Fintech Alliance\" \/>\n<meta property=\"article:modified_time\" content=\"2026-03-29T11:59:29+00:00\" \/>\n<meta property=\"og:image\" content=\"https:\/\/swissfintechalliance.ch\/wp-content\/uploads\/2023\/05\/swiss-fintech-alliance-innovation-hub.jpg\" \/>\n\t<meta property=\"og:image:width\" content=\"1000\" \/>\n\t<meta property=\"og:image:height\" content=\"667\" \/>\n\t<meta property=\"og:image:type\" content=\"image\/webp\" \/>\n<meta name=\"twitter:card\" content=\"summary_large_image\" \/>\n<meta name=\"twitter:label1\" content=\"Gesch\u00e4tzte Lesezeit\" \/>\n\t<meta name=\"twitter:data1\" content=\"2\u00a0Minuten\" \/>\n<script type=\"application\/ld+json\" class=\"yoast-schema-graph\">{\"@context\":\"https:\\\/\\\/schema.org\",\"@graph\":[{\"@type\":\"WebPage\",\"@id\":\"https:\\\/\\\/swissfintechalliance.ch\\\/swiss-fintech-alliance\\\/legal-notice\\\/\",\"url\":\"https:\\\/\\\/swissfintechalliance.ch\\\/swiss-fintech-alliance\\\/legal-notice\\\/\",\"name\":\"Legal Notice - Swiss Fintech Alliance\",\"isPartOf\":{\"@id\":\"https:\\\/\\\/swissfintechalliance.ch\\\/#website\"},\"primaryImageOfPage\":{\"@id\":\"https:\\\/\\\/swissfintechalliance.ch\\\/swiss-fintech-alliance\\\/legal-notice\\\/#primaryimage\"},\"image\":{\"@id\":\"https:\\\/\\\/swissfintechalliance.ch\\\/swiss-fintech-alliance\\\/legal-notice\\\/#primaryimage\"},\"thumbnailUrl\":\"https:\\\/\\\/swissfintechalliance.ch\\\/wp-content\\\/uploads\\\/2023\\\/05\\\/swiss-fintech-alliance-innovation-hub.jpg\",\"datePublished\":\"2023-05-27T12:22:58+00:00\",\"dateModified\":\"2026-03-29T11:59:29+00:00\",\"description\":\"Please read our Swiss Fintech Alliance Legal Notice to reach out for any questions. Thank you for visiting our homepage.\",\"breadcrumb\":{\"@id\":\"https:\\\/\\\/swissfintechalliance.ch\\\/swiss-fintech-alliance\\\/legal-notice\\\/#breadcrumb\"},\"inLanguage\":\"de-CH\",\"potentialAction\":[{\"@type\":\"ReadAction\",\"target\":[\"https:\\\/\\\/swissfintechalliance.ch\\\/swiss-fintech-alliance\\\/legal-notice\\\/\"]}]},{\"@type\":\"ImageObject\",\"inLanguage\":\"de-CH\",\"@id\":\"https:\\\/\\\/swissfintechalliance.ch\\\/swiss-fintech-alliance\\\/legal-notice\\\/#primaryimage\",\"url\":\"https:\\\/\\\/swissfintechalliance.ch\\\/wp-content\\\/uploads\\\/2023\\\/05\\\/swiss-fintech-alliance-innovation-hub.jpg\",\"contentUrl\":\"https:\\\/\\\/swissfintechalliance.ch\\\/wp-content\\\/uploads\\\/2023\\\/05\\\/swiss-fintech-alliance-innovation-hub.jpg\"},{\"@type\":\"BreadcrumbList\",\"@id\":\"https:\\\/\\\/swissfintechalliance.ch\\\/swiss-fintech-alliance\\\/legal-notice\\\/#breadcrumb\",\"itemListElement\":[{\"@type\":\"ListItem\",\"position\":1,\"name\":\"Startseite\",\"item\":\"https:\\\/\\\/swissfintechalliance.ch\\\/\"},{\"@type\":\"ListItem\",\"position\":2,\"name\":\"Swiss Fintech\",\"item\":\"https:\\\/\\\/swissfintechalliance.ch\\\/\"},{\"@type\":\"ListItem\",\"position\":3,\"name\":\"Legal Notice\"}]},{\"@type\":\"WebSite\",\"@id\":\"https:\\\/\\\/swissfintechalliance.ch\\\/#website\",\"url\":\"https:\\\/\\\/swissfintechalliance.ch\\\/\",\"name\":\"Swiss Fintech Alliance\",\"description\":\"Pioneering Innovation\",\"publisher\":{\"@id\":\"https:\\\/\\\/swissfintechalliance.ch\\\/#organization\"},\"potentialAction\":[{\"@type\":\"SearchAction\",\"target\":{\"@type\":\"EntryPoint\",\"urlTemplate\":\"https:\\\/\\\/swissfintechalliance.ch\\\/?s={search_term_string}\"},\"query-input\":{\"@type\":\"PropertyValueSpecification\",\"valueRequired\":true,\"valueName\":\"search_term_string\"}}],\"inLanguage\":\"de-CH\"},{\"@type\":\"Organization\",\"@id\":\"https:\\\/\\\/swissfintechalliance.ch\\\/#organization\",\"name\":\"Swiss Fintech Alliance\",\"url\":\"https:\\\/\\\/swissfintechalliance.ch\\\/\",\"logo\":{\"@type\":\"ImageObject\",\"inLanguage\":\"de-CH\",\"@id\":\"https:\\\/\\\/swissfintechalliance.ch\\\/#\\\/schema\\\/logo\\\/image\\\/\",\"url\":\"https:\\\/\\\/swissfintechalliance.ch\\\/wp-content\\\/uploads\\\/2023\\\/05\\\/swiss-fintech-alliance-official-logo.png\",\"contentUrl\":\"https:\\\/\\\/swissfintechalliance.ch\\\/wp-content\\\/uploads\\\/2023\\\/05\\\/swiss-fintech-alliance-official-logo.png\",\"width\":249,\"height\":71,\"caption\":\"Swiss Fintech Alliance\"},\"image\":{\"@id\":\"https:\\\/\\\/swissfintechalliance.ch\\\/#\\\/schema\\\/logo\\\/image\\\/\"}}]}<\/script>\n<!-- \/ Yoast SEO plugin. -->","yoast_head_json":{"title":"Rechtliche Hinweise - Swiss Fintech Alliance","description":"Bitte lesen Sie unser Impressum der Swiss Fintech Alliance und wenden Sie sich bei Fragen an uns. Vielen Dank f\u00fcr Ihren Besuch auf unserer Homepage.","robots":{"index":"index","follow":"follow","max-snippet":"max-snippet:-1","max-image-preview":"max-image-preview:large","max-video-preview":"max-video-preview:-1"},"canonical":"https:\/\/swissfintechalliance.ch\/de\/swiss-fintech-alliance\/rechtshinweis\/","og_locale":"de_DE","og_type":"article","og_title":"Legal Notice - Swiss Fintech Alliance","og_description":"Please read our Swiss Fintech Alliance Legal Notice to reach out for any questions. Thank you for visiting our homepage.","og_url":"https:\/\/swissfintechalliance.ch\/de\/swiss-fintech-alliance\/rechtshinweis\/","og_site_name":"Swiss Fintech Alliance","article_modified_time":"2026-03-29T11:59:29+00:00","og_image":[{"width":1000,"height":667,"url":"https:\/\/swissfintechalliance.ch\/wp-content\/uploads\/2023\/05\/swiss-fintech-alliance-innovation-hub.jpg","type":"image\/webp"}],"twitter_card":"summary_large_image","twitter_misc":{"Gesch\u00e4tzte Lesezeit":"2\u00a0Minuten"},"schema":{"@context":"https:\/\/schema.org","@graph":[{"@type":"WebPage","@id":"https:\/\/swissfintechalliance.ch\/swiss-fintech-alliance\/legal-notice\/","url":"https:\/\/swissfintechalliance.ch\/swiss-fintech-alliance\/legal-notice\/","name":"Rechtliche Hinweise - Swiss Fintech Alliance","isPartOf":{"@id":"https:\/\/swissfintechalliance.ch\/#website"},"primaryImageOfPage":{"@id":"https:\/\/swissfintechalliance.ch\/swiss-fintech-alliance\/legal-notice\/#primaryimage"},"image":{"@id":"https:\/\/swissfintechalliance.ch\/swiss-fintech-alliance\/legal-notice\/#primaryimage"},"thumbnailUrl":"https:\/\/swissfintechalliance.ch\/wp-content\/uploads\/2023\/05\/swiss-fintech-alliance-innovation-hub.jpg","datePublished":"2023-05-27T12:22:58+00:00","dateModified":"2026-03-29T11:59:29+00:00","description":"Bitte lesen Sie unser Impressum der Swiss Fintech Alliance und wenden Sie sich bei Fragen an uns. Vielen Dank f\u00fcr Ihren Besuch auf unserer Homepage.","breadcrumb":{"@id":"https:\/\/swissfintechalliance.ch\/swiss-fintech-alliance\/legal-notice\/#breadcrumb"},"inLanguage":"de-CH","potentialAction":[{"@type":"ReadAction","target":["https:\/\/swissfintechalliance.ch\/swiss-fintech-alliance\/legal-notice\/"]}]},{"@type":"ImageObject","inLanguage":"de-CH","@id":"https:\/\/swissfintechalliance.ch\/swiss-fintech-alliance\/legal-notice\/#primaryimage","url":"https:\/\/swissfintechalliance.ch\/wp-content\/uploads\/2023\/05\/swiss-fintech-alliance-innovation-hub.jpg","contentUrl":"https:\/\/swissfintechalliance.ch\/wp-content\/uploads\/2023\/05\/swiss-fintech-alliance-innovation-hub.jpg"},{"@type":"BreadcrumbList","@id":"https:\/\/swissfintechalliance.ch\/swiss-fintech-alliance\/legal-notice\/#breadcrumb","itemListElement":[{"@type":"ListItem","position":1,"name":"Startseite","item":"https:\/\/swissfintechalliance.ch\/"},{"@type":"ListItem","position":2,"name":"Swiss Fintech","item":"https:\/\/swissfintechalliance.ch\/"},{"@type":"ListItem","position":3,"name":"Legal Notice"}]},{"@type":"WebSite","@id":"https:\/\/swissfintechalliance.ch\/#website","url":"https:\/\/swissfintechalliance.ch\/","name":"Schweizer Fintech-Allianz","description":"Wegweisende Innovation","publisher":{"@id":"https:\/\/swissfintechalliance.ch\/#organization"},"potentialAction":[{"@type":"SearchAction","target":{"@type":"EntryPoint","urlTemplate":"https:\/\/swissfintechalliance.ch\/?s={search_term_string}"},"query-input":{"@type":"PropertyValueSpecification","valueRequired":true,"valueName":"search_term_string"}}],"inLanguage":"de-CH"},{"@type":"Organization","@id":"https:\/\/swissfintechalliance.ch\/#organization","name":"Schweizer Fintech-Allianz","url":"https:\/\/swissfintechalliance.ch\/","logo":{"@type":"ImageObject","inLanguage":"de-CH","@id":"https:\/\/swissfintechalliance.ch\/#\/schema\/logo\/image\/","url":"https:\/\/swissfintechalliance.ch\/wp-content\/uploads\/2023\/05\/swiss-fintech-alliance-official-logo.png","contentUrl":"https:\/\/swissfintechalliance.ch\/wp-content\/uploads\/2023\/05\/swiss-fintech-alliance-official-logo.png","width":249,"height":71,"caption":"Swiss Fintech Alliance"},"image":{"@id":"https:\/\/swissfintechalliance.ch\/#\/schema\/logo\/image\/"}}]}},"_links":{"self":[{"href":"https:\/\/swissfintechalliance.ch\/de\/wp-json\/wp\/v2\/pages\/29479","targetHints":{"allow":["GET"]}}],"collection":[{"href":"https:\/\/swissfintechalliance.ch\/de\/wp-json\/wp\/v2\/pages"}],"about":[{"href":"https:\/\/swissfintechalliance.ch\/de\/wp-json\/wp\/v2\/types\/page"}],"author":[{"embeddable":true,"href":"https:\/\/swissfintechalliance.ch\/de\/wp-json\/wp\/v2\/users\/1"}],"replies":[{"embeddable":true,"href":"https:\/\/swissfintechalliance.ch\/de\/wp-json\/wp\/v2\/comments?post=29479"}],"version-history":[{"count":40,"href":"https:\/\/swissfintechalliance.ch\/de\/wp-json\/wp\/v2\/pages\/29479\/revisions"}],"predecessor-version":[{"id":30294,"href":"https:\/\/swissfintechalliance.ch\/de\/wp-json\/wp\/v2\/pages\/29479\/revisions\/30294"}],"up":[{"embeddable":true,"href":"https:\/\/swissfintechalliance.ch\/de\/wp-json\/wp\/v2\/pages\/29028"}],"wp:attachment":[{"href":"https:\/\/swissfintechalliance.ch\/de\/wp-json\/wp\/v2\/media?parent=29479"}],"curies":[{"name":"wp","href":"https:\/\/api.w.org\/{rel}","templated":true}]}}